{"id":3089,"date":"2019-12-21T02:50:54","date_gmt":"2019-12-20T23:50:54","guid":{"rendered":"https:\/\/agrimetre.com\/buy-premium-subscription\/"},"modified":"2024-02-05T16:11:45","modified_gmt":"2024-02-05T13:11:45","slug":"buy-premium-subscription","status":"publish","type":"page","link":"https:\/\/agrimetre.com\/en\/buy-premium-subscription\/","title":{"rendered":"Buy Premium Subscription"},"content":{"rendered":"<div class=\"wpb-content-wrapper\"><p>[vc_row css_animation=&#8221;&#8221; row_type=&#8221;row&#8221; use_row_as_full_screen_section=&#8221;no&#8221; type=&#8221;full_width&#8221; angled_section=&#8221;no&#8221; text_align=&#8221;left&#8221; background_image_as_pattern=&#8221;without_pattern&#8221;][vc_column]<span data-type=\"normal\"  class=\"qode_icon_shortcode  q_font_awsome_icon fa-3x pull-center q_icon_animation\" style=\" \"><i class=\"qode_icon_font_awesome fa fa-cogs qode_icon_element\" style=\"\" ><\/i><\/span>[vc_empty_space height=&#8221;40px&#8221;][vc_column_text]<\/p>\n<h3 style=\"text-align: center;\">You need to be a premium subscriber to view the page.<\/h3>\n<p>[\/vc_column_text][vc_empty_space height=&#8221;100px&#8221;]<div class=\"woocommerce columns-4 \"><ul class=\"products\">\n<li class=\"product type-product post-3558 status-publish first instock product_cat-premium-en product_cat-subscription product_tag-monthly product_tag-premium-en has-post-thumbnail sale virtual sold-individually purchasable product-type-simple\">\n\t\n\t\t\n    <div class=\"top-product-section\">\n\n        <a itemprop=\"url\" href=\"https:\/\/agrimetre.com\/en\/urun\/premium-package-1-month\/\" class=\"product-category\">\n            <span class=\"image-wrapper\">\n            \t\n\t\t<span class=\"onsale onsale-outter\"><span class=\"onsale-inner\">Sale<\/span><\/span>\t\t\n<img loading=\"lazy\" decoding=\"async\" width=\"300\" height=\"300\" src=\"https:\/\/agrimetre.com\/wp-content\/uploads\/2019\/12\/agri_pricetable_3-300x300.png\" class=\"attachment-woocommerce_thumbnail size-woocommerce_thumbnail\" alt=\"Premium Package 1 Month\" srcset=\"https:\/\/agrimetre.com\/wp-content\/uploads\/2019\/12\/agri_pricetable_3-300x300.png 300w, https:\/\/agrimetre.com\/wp-content\/uploads\/2019\/12\/agri_pricetable_3-1024x1024.png 1024w, https:\/\/agrimetre.com\/wp-content\/uploads\/2019\/12\/agri_pricetable_3-150x150.png 150w, https:\/\/agrimetre.com\/wp-content\/uploads\/2019\/12\/agri_pricetable_3-768x768.png 768w, https:\/\/agrimetre.com\/wp-content\/uploads\/2019\/12\/agri_pricetable_3-1536x1536.png 1536w, https:\/\/agrimetre.com\/wp-content\/uploads\/2019\/12\/agri_pricetable_3-2048x2048.png 2048w, https:\/\/agrimetre.com\/wp-content\/uploads\/2019\/12\/agri_pricetable_3-600x600.png 600w, https:\/\/agrimetre.com\/wp-content\/uploads\/2019\/12\/agri_pricetable_3-100x100.png 100w\" sizes=\"auto, (max-width: 300px) 100vw, 300px\" \/>            <\/span>\n        <\/a>\n\n\t\t<span class=\"add-to-cart-button-outer\"><span class=\"add-to-cart-button-inner\"><a href=\"\/en\/wp-json\/wp\/v2\/pages\/3089?add-to-cart=3558\" aria-describedby=\"woocommerce_loop_add_to_cart_link_describedby_3558\" data-quantity=\"1\" class=\"button product_type_simple add_to_cart_button ajax_add_to_cart qbutton add-to-cart-button\" data-product_id=\"3558\" data-product_sku=\"\" aria-label=\"Add to cart: &ldquo;Premium Package 1 Month&rdquo;\" rel=\"nofollow\" data-success_message=\"&ldquo;Premium Package 1 Month&rdquo; has been added to your cart\">Add to cart<\/a><\/span><\/span>\t<span id=\"woocommerce_loop_add_to_cart_link_describedby_3558\" class=\"screen-reader-text\">\n\t\t\t<\/span>\n\n    <\/div>\n        <a itemprop=\"url\" href=\"https:\/\/agrimetre.com\/en\/urun\/premium-package-1-month\/\" class=\"product-category product-info\">\n        <h6 itemprop=\"name\">Premium Package 1 Month<\/h6>\n\t    \n\t    \n        \n\t<span class=\"price\"><del aria-hidden=\"true\"><span class=\"woocommerce-Price-amount amount\"><bdi><span class=\"woocommerce-Price-currencySymbol\">&#36;<\/span>216.00<\/bdi><\/span><\/del> <span class=\"screen-reader-text\">Original price was: &#036;216.00.<\/span><ins aria-hidden=\"true\"><span class=\"woocommerce-Price-amount amount\"><bdi><span class=\"woocommerce-Price-currencySymbol\">&#36;<\/span>150.00<\/bdi><\/span><\/ins><span class=\"screen-reader-text\">Current price is: &#036;150.00.<\/span><\/span>\n    <\/a>\n    <\/li>\n<li class=\"product type-product post-3559 status-publish instock product_cat-premium-en product_cat-subscription product_tag-annual product_tag-premium-en has-post-thumbnail sale virtual sold-individually purchasable product-type-simple\">\n\t\n\t\t\n    <div class=\"top-product-section\">\n\n        <a itemprop=\"url\" href=\"https:\/\/agrimetre.com\/en\/urun\/premium-package-1-year\/\" class=\"product-category\">\n            <span class=\"image-wrapper\">\n            \t\n\t\t<span class=\"onsale onsale-outter\"><span class=\"onsale-inner\">Sale<\/span><\/span>\t\t\n<img loading=\"lazy\" decoding=\"async\" width=\"300\" height=\"300\" src=\"https:\/\/agrimetre.com\/wp-content\/uploads\/2019\/12\/agri_pricetable_4-300x300.png\" class=\"attachment-woocommerce_thumbnail size-woocommerce_thumbnail\" alt=\"Premium Package 1 Year\" srcset=\"https:\/\/agrimetre.com\/wp-content\/uploads\/2019\/12\/agri_pricetable_4-300x300.png 300w, https:\/\/agrimetre.com\/wp-content\/uploads\/2019\/12\/agri_pricetable_4-1024x1024.png 1024w, https:\/\/agrimetre.com\/wp-content\/uploads\/2019\/12\/agri_pricetable_4-150x150.png 150w, https:\/\/agrimetre.com\/wp-content\/uploads\/2019\/12\/agri_pricetable_4-768x768.png 768w, https:\/\/agrimetre.com\/wp-content\/uploads\/2019\/12\/agri_pricetable_4-1536x1536.png 1536w, https:\/\/agrimetre.com\/wp-content\/uploads\/2019\/12\/agri_pricetable_4-2048x2048.png 2048w, https:\/\/agrimetre.com\/wp-content\/uploads\/2019\/12\/agri_pricetable_4-600x600.png 600w, https:\/\/agrimetre.com\/wp-content\/uploads\/2019\/12\/agri_pricetable_4-100x100.png 100w\" sizes=\"auto, (max-width: 300px) 100vw, 300px\" \/>            <\/span>\n        <\/a>\n\n\t\t<span class=\"add-to-cart-button-outer\"><span class=\"add-to-cart-button-inner\"><a href=\"\/en\/wp-json\/wp\/v2\/pages\/3089?add-to-cart=3559\" aria-describedby=\"woocommerce_loop_add_to_cart_link_describedby_3559\" data-quantity=\"1\" class=\"button product_type_simple add_to_cart_button ajax_add_to_cart qbutton add-to-cart-button\" data-product_id=\"3559\" data-product_sku=\"\" aria-label=\"Add to cart: &ldquo;Premium Package 1 Year&rdquo;\" rel=\"nofollow\" data-success_message=\"&ldquo;Premium Package 1 Year&rdquo; has been added to your cart\">Add to cart<\/a><\/span><\/span>\t<span id=\"woocommerce_loop_add_to_cart_link_describedby_3559\" class=\"screen-reader-text\">\n\t\t\t<\/span>\n\n    <\/div>\n        <a itemprop=\"url\" href=\"https:\/\/agrimetre.com\/en\/urun\/premium-package-1-year\/\" class=\"product-category product-info\">\n        <h6 itemprop=\"name\">Premium Package 1 Year<\/h6>\n\t    \n\t    \n        \n\t<span class=\"price\"><del aria-hidden=\"true\"><span class=\"woocommerce-Price-amount amount\"><bdi><span class=\"woocommerce-Price-currencySymbol\">&#36;<\/span>1 308.00<\/bdi><\/span><\/del> <span class=\"screen-reader-text\">Original price was: &#036;1 308.00.<\/span><ins aria-hidden=\"true\"><span class=\"woocommerce-Price-amount amount\"><bdi><span class=\"woocommerce-Price-currencySymbol\">&#36;<\/span>990.00<\/bdi><\/span><\/ins><span class=\"screen-reader-text\">Current price is: &#036;990.00.<\/span><\/span>\n    <\/a>\n    <\/li><\/ul>\n<\/div>[\/vc_column][\/vc_row]<\/p>\n<\/div>","protected":false},"excerpt":{"rendered":"<p>[vc_row css_animation=&#8221;&#8221; row_type=&#8221;row&#8221; use_row_as_full_screen_section=&#8221;no&#8221; type=&#8221;full_width&#8221; angled_section=&#8221;no&#8221; text_align=&#8221;left&#8221; background_image_as_pattern=&#8221;without_pattern&#8221;][vc_column][vc_empty_space height=&#8221;40px&#8221;][vc_column_text] You need to be a premium subscriber to view the page. [\/vc_column_text][vc_empty_space height=&#8221;100px&#8221;][\/vc_column][\/vc_row]<\/p>\n","protected":false},"author":7,"featured_media":0,"parent":0,"menu_order":0,"comment_status":"closed","ping_status":"closed","template":"","meta":{"content-type":"","footnotes":""},"class_list":["post-3089","page","type-page","status-publish","hentry"],"yoast_head":"<!-- This site is optimized with the Yoast SEO plugin v27.3 - https:\/\/yoast.com\/product\/yoast-seo-wordpress\/ -->\n<title>Buy Premium Subscription - Agrimetre<\/title>\n<meta name=\"robots\" content=\"index, follow, max-snippet:-1, max-image-preview:large, max-video-preview:-1\" \/>\n<link rel=\"canonical\" href=\"https:\/\/agrimetre.com\/en\/buy-premium-subscription\/\" \/>\n<meta property=\"og:locale\" content=\"en_US\" \/>\n<meta property=\"og:type\" content=\"article\" \/>\n<meta property=\"og:title\" content=\"Buy Premium Subscription - Agrimetre\" \/>\n<meta property=\"og:description\" content=\"[vc_row css_animation=&#8221;&#8221; row_type=&#8221;row&#8221; use_row_as_full_screen_section=&#8221;no&#8221; type=&#8221;full_width&#8221; angled_section=&#8221;no&#8221; text_align=&#8221;left&#8221; background_image_as_pattern=&#8221;without_pattern&#8221;][vc_column][vc_empty_space height=&#8221;40px&#8221;][vc_column_text] You need to be a premium subscriber to view the page. [\/vc_column_text][vc_empty_space height=&#8221;100px&#8221;][\/vc_column][\/vc_row]\" \/>\n<meta property=\"og:url\" content=\"https:\/\/agrimetre.com\/en\/buy-premium-subscription\/\" \/>\n<meta property=\"og:site_name\" content=\"Agrimetre\" \/>\n<meta property=\"article:publisher\" content=\"https:\/\/www.facebook.com\/agrimetre\/\" \/>\n<meta property=\"article:modified_time\" content=\"2024-02-05T13:11:45+00:00\" \/>\n<meta property=\"og:image\" content=\"https:\/\/agrimetre.com\/wp-content\/uploads\/2019\/03\/agrimetre_logo__33cd63804d9af3db0475d15f05248f31.png\" \/>\n\t<meta property=\"og:image:width\" content=\"208\" \/>\n\t<meta property=\"og:image:height\" content=\"50\" \/>\n\t<meta property=\"og:image:type\" content=\"image\/png\" \/>\n<meta name=\"twitter:card\" content=\"summary_large_image\" \/>\n<meta name=\"twitter:site\" content=\"@agrimetre\" \/>\n<script type=\"application\/ld+json\" class=\"yoast-schema-graph\">{\"@context\":\"https:\\\/\\\/schema.org\",\"@graph\":[{\"@type\":\"WebPage\",\"@id\":\"https:\\\/\\\/agrimetre.com\\\/en\\\/buy-premium-subscription\\\/\",\"url\":\"https:\\\/\\\/agrimetre.com\\\/en\\\/buy-premium-subscription\\\/\",\"name\":\"Buy Premium Subscription - Agrimetre\",\"isPartOf\":{\"@id\":\"https:\\\/\\\/agrimetre.com\\\/en\\\/#website\"},\"datePublished\":\"2019-12-20T23:50:54+00:00\",\"dateModified\":\"2024-02-05T13:11:45+00:00\",\"breadcrumb\":{\"@id\":\"https:\\\/\\\/agrimetre.com\\\/en\\\/buy-premium-subscription\\\/#breadcrumb\"},\"inLanguage\":\"en-US\",\"potentialAction\":[{\"@type\":\"ReadAction\",\"target\":[\"https:\\\/\\\/agrimetre.com\\\/en\\\/buy-premium-subscription\\\/\"]}]},{\"@type\":\"BreadcrumbList\",\"@id\":\"https:\\\/\\\/agrimetre.com\\\/en\\\/buy-premium-subscription\\\/#breadcrumb\",\"itemListElement\":[{\"@type\":\"ListItem\",\"position\":1,\"name\":\"Home\",\"item\":\"https:\\\/\\\/agrimetre.com\\\/en\\\/\"},{\"@type\":\"ListItem\",\"position\":2,\"name\":\"Buy Premium Subscription\"}]},{\"@type\":\"WebSite\",\"@id\":\"https:\\\/\\\/agrimetre.com\\\/en\\\/#website\",\"url\":\"https:\\\/\\\/agrimetre.com\\\/en\\\/\",\"name\":\"Agrimetre\",\"description\":\"G\u0131da Tar\u0131m Verileri\",\"publisher\":{\"@id\":\"https:\\\/\\\/agrimetre.com\\\/en\\\/#organization\"},\"potentialAction\":[{\"@type\":\"SearchAction\",\"target\":{\"@type\":\"EntryPoint\",\"urlTemplate\":\"https:\\\/\\\/agrimetre.com\\\/en\\\/?s={search_term_string}\"},\"query-input\":{\"@type\":\"PropertyValueSpecification\",\"valueRequired\":true,\"valueName\":\"search_term_string\"}}],\"inLanguage\":\"en-US\"},{\"@type\":\"Organization\",\"@id\":\"https:\\\/\\\/agrimetre.com\\\/en\\\/#organization\",\"name\":\"Agrimetre Yaz\u0131l\u0131m ve Dan\u0131\u015fmanl\u0131k Ltd. \u015eti.\",\"url\":\"https:\\\/\\\/agrimetre.com\\\/en\\\/\",\"logo\":{\"@type\":\"ImageObject\",\"inLanguage\":\"en-US\",\"@id\":\"https:\\\/\\\/agrimetre.com\\\/en\\\/#\\\/schema\\\/logo\\\/image\\\/\",\"url\":\"https:\\\/\\\/agrimetre.com\\\/wp-content\\\/uploads\\\/2019\\\/03\\\/agrimetre_logoweb.png\",\"contentUrl\":\"https:\\\/\\\/agrimetre.com\\\/wp-content\\\/uploads\\\/2019\\\/03\\\/agrimetre_logoweb.png\",\"width\":320,\"height\":77,\"caption\":\"Agrimetre Yaz\u0131l\u0131m ve Dan\u0131\u015fmanl\u0131k Ltd. \u015eti.\"},\"image\":{\"@id\":\"https:\\\/\\\/agrimetre.com\\\/en\\\/#\\\/schema\\\/logo\\\/image\\\/\"},\"sameAs\":[\"https:\\\/\\\/www.facebook.com\\\/agrimetre\\\/\",\"https:\\\/\\\/x.com\\\/agrimetre\",\"https:\\\/\\\/www.linkedin.com\\\/company\\\/agrimetre\\\/\",\"https:\\\/\\\/www.youtube.com\\\/channel\\\/UC5FHNpcw7qcjDY_s6AibryA\"]}]}<\/script>\n<!-- \/ Yoast SEO plugin. -->","yoast_head_json":{"title":"Buy Premium Subscription - Agrimetre","robots":{"index":"index","follow":"follow","max-snippet":"max-snippet:-1","max-image-preview":"max-image-preview:large","max-video-preview":"max-video-preview:-1"},"canonical":"https:\/\/agrimetre.com\/en\/buy-premium-subscription\/","og_locale":"en_US","og_type":"article","og_title":"Buy Premium Subscription - Agrimetre","og_description":"[vc_row css_animation=&#8221;&#8221; row_type=&#8221;row&#8221; use_row_as_full_screen_section=&#8221;no&#8221; type=&#8221;full_width&#8221; angled_section=&#8221;no&#8221; text_align=&#8221;left&#8221; background_image_as_pattern=&#8221;without_pattern&#8221;][vc_column][vc_empty_space height=&#8221;40px&#8221;][vc_column_text] You need to be a premium subscriber to view the page. [\/vc_column_text][vc_empty_space height=&#8221;100px&#8221;][\/vc_column][\/vc_row]","og_url":"https:\/\/agrimetre.com\/en\/buy-premium-subscription\/","og_site_name":"Agrimetre","article_publisher":"https:\/\/www.facebook.com\/agrimetre\/","article_modified_time":"2024-02-05T13:11:45+00:00","og_image":[{"width":208,"height":50,"url":"https:\/\/agrimetre.com\/wp-content\/uploads\/2019\/03\/agrimetre_logo__33cd63804d9af3db0475d15f05248f31.png","type":"image\/png"}],"twitter_card":"summary_large_image","twitter_site":"@agrimetre","schema":{"@context":"https:\/\/schema.org","@graph":[{"@type":"WebPage","@id":"https:\/\/agrimetre.com\/en\/buy-premium-subscription\/","url":"https:\/\/agrimetre.com\/en\/buy-premium-subscription\/","name":"Buy Premium Subscription - Agrimetre","isPartOf":{"@id":"https:\/\/agrimetre.com\/en\/#website"},"datePublished":"2019-12-20T23:50:54+00:00","dateModified":"2024-02-05T13:11:45+00:00","breadcrumb":{"@id":"https:\/\/agrimetre.com\/en\/buy-premium-subscription\/#breadcrumb"},"inLanguage":"en-US","potentialAction":[{"@type":"ReadAction","target":["https:\/\/agrimetre.com\/en\/buy-premium-subscription\/"]}]},{"@type":"BreadcrumbList","@id":"https:\/\/agrimetre.com\/en\/buy-premium-subscription\/#breadcrumb","itemListElement":[{"@type":"ListItem","position":1,"name":"Home","item":"https:\/\/agrimetre.com\/en\/"},{"@type":"ListItem","position":2,"name":"Buy Premium Subscription"}]},{"@type":"WebSite","@id":"https:\/\/agrimetre.com\/en\/#website","url":"https:\/\/agrimetre.com\/en\/","name":"Agrimetre","description":"G\u0131da Tar\u0131m Verileri","publisher":{"@id":"https:\/\/agrimetre.com\/en\/#organization"},"potentialAction":[{"@type":"SearchAction","target":{"@type":"EntryPoint","urlTemplate":"https:\/\/agrimetre.com\/en\/?s={search_term_string}"},"query-input":{"@type":"PropertyValueSpecification","valueRequired":true,"valueName":"search_term_string"}}],"inLanguage":"en-US"},{"@type":"Organization","@id":"https:\/\/agrimetre.com\/en\/#organization","name":"Agrimetre Yaz\u0131l\u0131m ve Dan\u0131\u015fmanl\u0131k Ltd. \u015eti.","url":"https:\/\/agrimetre.com\/en\/","logo":{"@type":"ImageObject","inLanguage":"en-US","@id":"https:\/\/agrimetre.com\/en\/#\/schema\/logo\/image\/","url":"https:\/\/agrimetre.com\/wp-content\/uploads\/2019\/03\/agrimetre_logoweb.png","contentUrl":"https:\/\/agrimetre.com\/wp-content\/uploads\/2019\/03\/agrimetre_logoweb.png","width":320,"height":77,"caption":"Agrimetre Yaz\u0131l\u0131m ve Dan\u0131\u015fmanl\u0131k Ltd. \u015eti."},"image":{"@id":"https:\/\/agrimetre.com\/en\/#\/schema\/logo\/image\/"},"sameAs":["https:\/\/www.facebook.com\/agrimetre\/","https:\/\/x.com\/agrimetre","https:\/\/www.linkedin.com\/company\/agrimetre\/","https:\/\/www.youtube.com\/channel\/UC5FHNpcw7qcjDY_s6AibryA"]}]}},"_links":{"self":[{"href":"https:\/\/agrimetre.com\/en\/wp-json\/wp\/v2\/pages\/3089","targetHints":{"allow":["GET"]}}],"collection":[{"href":"https:\/\/agrimetre.com\/en\/wp-json\/wp\/v2\/pages"}],"about":[{"href":"https:\/\/agrimetre.com\/en\/wp-json\/wp\/v2\/types\/page"}],"author":[{"embeddable":true,"href":"https:\/\/agrimetre.com\/en\/wp-json\/wp\/v2\/users\/7"}],"replies":[{"embeddable":true,"href":"https:\/\/agrimetre.com\/en\/wp-json\/wp\/v2\/comments?post=3089"}],"version-history":[{"count":3,"href":"https:\/\/agrimetre.com\/en\/wp-json\/wp\/v2\/pages\/3089\/revisions"}],"predecessor-version":[{"id":3100,"href":"https:\/\/agrimetre.com\/en\/wp-json\/wp\/v2\/pages\/3089\/revisions\/3100"}],"wp:attachment":[{"href":"https:\/\/agrimetre.com\/en\/wp-json\/wp\/v2\/media?parent=3089"}],"curies":[{"name":"wp","href":"https:\/\/api.w.org\/{rel}","templated":true}]}}