{"id":3026,"date":"2019-12-21T04:38:17","date_gmt":"2019-12-21T01:38:17","guid":{"rendered":"https:\/\/agrimetre.com\/open-account\/"},"modified":"2024-02-07T03:42:39","modified_gmt":"2024-02-07T00:42:39","slug":"open-account","status":"publish","type":"page","link":"https:\/\/agrimetre.com\/en\/open-account\/","title":{"rendered":"Create Account"},"content":{"rendered":"<div class=\"wpb-content-wrapper\"><p>[vc_row css_animation=&#8221;&#8221; row_type=&#8221;row&#8221; use_row_as_full_screen_section=&#8221;no&#8221; type=&#8221;full_width&#8221; angled_section=&#8221;no&#8221; text_align=&#8221;left&#8221; background_image_as_pattern=&#8221;without_pattern&#8221;][vc_column width=&#8221;5\/6&#8243;][vc_column_text]<\/p>\n<h3 style=\"text-align: center;\">You need to register for a free account and log in to view the page.<\/h3>\n<h2 style=\"text-align: center;\"><\/h2>\n<p>[\/vc_column_text][vc_empty_space height=&#8221;100px&#8221;][\/vc_column][vc_column width=&#8221;1\/6&#8243;]<a  itemprop=\"url\" href=\"\/en\/register\/\" target=\"_self\"  class=\"qbutton  center enlarge\" style=\"\">Register<\/a>[\/vc_column][\/vc_row]<\/p>\n<\/div>","protected":false},"excerpt":{"rendered":"<p>[vc_row css_animation=&#8221;&#8221; row_type=&#8221;row&#8221; use_row_as_full_screen_section=&#8221;no&#8221; type=&#8221;full_width&#8221; angled_section=&#8221;no&#8221; text_align=&#8221;left&#8221; background_image_as_pattern=&#8221;without_pattern&#8221;][vc_column width=&#8221;5\/6&#8243;][vc_column_text] You need to register for a free account and log in to view the page. [\/vc_column_text][vc_empty_space height=&#8221;100px&#8221;][\/vc_column][vc_column width=&#8221;1\/6&#8243;][\/vc_column][\/vc_row]<\/p>\n","protected":false},"author":7,"featured_media":0,"parent":0,"menu_order":0,"comment_status":"closed","ping_status":"closed","template":"","meta":{"content-type":"","footnotes":""},"class_list":["post-3026","page","type-page","status-publish","hentry"],"yoast_head":"<!-- This site is optimized with the Yoast SEO plugin v27.3 - https:\/\/yoast.com\/product\/yoast-seo-wordpress\/ -->\n<title>Create Account - Agrimetre<\/title>\n<meta name=\"robots\" content=\"noindex, nofollow\" \/>\n<meta property=\"og:locale\" content=\"en_US\" \/>\n<meta property=\"og:type\" content=\"article\" \/>\n<meta property=\"og:title\" content=\"Create Account - Agrimetre\" \/>\n<meta property=\"og:description\" content=\"[vc_row css_animation=&#8221;&#8221; row_type=&#8221;row&#8221; use_row_as_full_screen_section=&#8221;no&#8221; type=&#8221;full_width&#8221; angled_section=&#8221;no&#8221; text_align=&#8221;left&#8221; background_image_as_pattern=&#8221;without_pattern&#8221;][vc_column width=&#8221;5\/6&#8243;][vc_column_text] You need to register for a free account and log in to view the page. [\/vc_column_text][vc_empty_space height=&#8221;100px&#8221;][\/vc_column][vc_column width=&#8221;1\/6&#8243;][\/vc_column][\/vc_row]\" \/>\n<meta property=\"og:url\" content=\"https:\/\/agrimetre.com\/en\/open-account\/\" \/>\n<meta property=\"og:site_name\" content=\"Agrimetre\" \/>\n<meta property=\"article:publisher\" content=\"https:\/\/www.facebook.com\/agrimetre\/\" \/>\n<meta property=\"article:modified_time\" content=\"2024-02-07T00:42:39+00:00\" \/>\n<meta property=\"og:image\" content=\"https:\/\/agrimetre.com\/wp-content\/uploads\/2019\/03\/agrimetre_logo__33cd63804d9af3db0475d15f05248f31.png\" \/>\n\t<meta property=\"og:image:width\" content=\"208\" \/>\n\t<meta property=\"og:image:height\" content=\"50\" \/>\n\t<meta property=\"og:image:type\" content=\"image\/png\" \/>\n<meta name=\"twitter:card\" content=\"summary_large_image\" \/>\n<meta name=\"twitter:site\" content=\"@agrimetre\" \/>\n<meta name=\"twitter:label1\" content=\"Est. reading time\" \/>\n\t<meta name=\"twitter:data1\" content=\"1 minute\" \/>\n<script type=\"application\/ld+json\" class=\"yoast-schema-graph\">{\"@context\":\"https:\\\/\\\/schema.org\",\"@graph\":[{\"@type\":\"WebPage\",\"@id\":\"https:\\\/\\\/agrimetre.com\\\/en\\\/open-account\\\/\",\"url\":\"https:\\\/\\\/agrimetre.com\\\/en\\\/open-account\\\/\",\"name\":\"Create Account - Agrimetre\",\"isPartOf\":{\"@id\":\"https:\\\/\\\/agrimetre.com\\\/en\\\/#website\"},\"datePublished\":\"2019-12-21T01:38:17+00:00\",\"dateModified\":\"2024-02-07T00:42:39+00:00\",\"breadcrumb\":{\"@id\":\"https:\\\/\\\/agrimetre.com\\\/en\\\/open-account\\\/#breadcrumb\"},\"inLanguage\":\"en-US\",\"potentialAction\":[{\"@type\":\"ReadAction\",\"target\":[\"https:\\\/\\\/agrimetre.com\\\/en\\\/open-account\\\/\"]}]},{\"@type\":\"BreadcrumbList\",\"@id\":\"https:\\\/\\\/agrimetre.com\\\/en\\\/open-account\\\/#breadcrumb\",\"itemListElement\":[{\"@type\":\"ListItem\",\"position\":1,\"name\":\"Home\",\"item\":\"https:\\\/\\\/agrimetre.com\\\/en\\\/\"},{\"@type\":\"ListItem\",\"position\":2,\"name\":\"Create Account\"}]},{\"@type\":\"WebSite\",\"@id\":\"https:\\\/\\\/agrimetre.com\\\/en\\\/#website\",\"url\":\"https:\\\/\\\/agrimetre.com\\\/en\\\/\",\"name\":\"Agrimetre\",\"description\":\"G\u0131da Tar\u0131m Verileri\",\"publisher\":{\"@id\":\"https:\\\/\\\/agrimetre.com\\\/en\\\/#organization\"},\"potentialAction\":[{\"@type\":\"SearchAction\",\"target\":{\"@type\":\"EntryPoint\",\"urlTemplate\":\"https:\\\/\\\/agrimetre.com\\\/en\\\/?s={search_term_string}\"},\"query-input\":{\"@type\":\"PropertyValueSpecification\",\"valueRequired\":true,\"valueName\":\"search_term_string\"}}],\"inLanguage\":\"en-US\"},{\"@type\":\"Organization\",\"@id\":\"https:\\\/\\\/agrimetre.com\\\/en\\\/#organization\",\"name\":\"Agrimetre Yaz\u0131l\u0131m ve Dan\u0131\u015fmanl\u0131k Ltd. \u015eti.\",\"url\":\"https:\\\/\\\/agrimetre.com\\\/en\\\/\",\"logo\":{\"@type\":\"ImageObject\",\"inLanguage\":\"en-US\",\"@id\":\"https:\\\/\\\/agrimetre.com\\\/en\\\/#\\\/schema\\\/logo\\\/image\\\/\",\"url\":\"https:\\\/\\\/agrimetre.com\\\/wp-content\\\/uploads\\\/2019\\\/03\\\/agrimetre_logoweb.png\",\"contentUrl\":\"https:\\\/\\\/agrimetre.com\\\/wp-content\\\/uploads\\\/2019\\\/03\\\/agrimetre_logoweb.png\",\"width\":320,\"height\":77,\"caption\":\"Agrimetre Yaz\u0131l\u0131m ve Dan\u0131\u015fmanl\u0131k Ltd. \u015eti.\"},\"image\":{\"@id\":\"https:\\\/\\\/agrimetre.com\\\/en\\\/#\\\/schema\\\/logo\\\/image\\\/\"},\"sameAs\":[\"https:\\\/\\\/www.facebook.com\\\/agrimetre\\\/\",\"https:\\\/\\\/x.com\\\/agrimetre\",\"https:\\\/\\\/www.linkedin.com\\\/company\\\/agrimetre\\\/\",\"https:\\\/\\\/www.youtube.com\\\/channel\\\/UC5FHNpcw7qcjDY_s6AibryA\"]}]}<\/script>\n<!-- \/ Yoast SEO plugin. -->","yoast_head_json":{"title":"Create Account - Agrimetre","robots":{"index":"noindex","follow":"nofollow"},"og_locale":"en_US","og_type":"article","og_title":"Create Account - Agrimetre","og_description":"[vc_row css_animation=&#8221;&#8221; row_type=&#8221;row&#8221; use_row_as_full_screen_section=&#8221;no&#8221; type=&#8221;full_width&#8221; angled_section=&#8221;no&#8221; text_align=&#8221;left&#8221; background_image_as_pattern=&#8221;without_pattern&#8221;][vc_column width=&#8221;5\/6&#8243;][vc_column_text] You need to register for a free account and log in to view the page. [\/vc_column_text][vc_empty_space height=&#8221;100px&#8221;][\/vc_column][vc_column width=&#8221;1\/6&#8243;][\/vc_column][\/vc_row]","og_url":"https:\/\/agrimetre.com\/en\/open-account\/","og_site_name":"Agrimetre","article_publisher":"https:\/\/www.facebook.com\/agrimetre\/","article_modified_time":"2024-02-07T00:42:39+00:00","og_image":[{"width":208,"height":50,"url":"https:\/\/agrimetre.com\/wp-content\/uploads\/2019\/03\/agrimetre_logo__33cd63804d9af3db0475d15f05248f31.png","type":"image\/png"}],"twitter_card":"summary_large_image","twitter_site":"@agrimetre","twitter_misc":{"Est. reading time":"1 minute"},"schema":{"@context":"https:\/\/schema.org","@graph":[{"@type":"WebPage","@id":"https:\/\/agrimetre.com\/en\/open-account\/","url":"https:\/\/agrimetre.com\/en\/open-account\/","name":"Create Account - Agrimetre","isPartOf":{"@id":"https:\/\/agrimetre.com\/en\/#website"},"datePublished":"2019-12-21T01:38:17+00:00","dateModified":"2024-02-07T00:42:39+00:00","breadcrumb":{"@id":"https:\/\/agrimetre.com\/en\/open-account\/#breadcrumb"},"inLanguage":"en-US","potentialAction":[{"@type":"ReadAction","target":["https:\/\/agrimetre.com\/en\/open-account\/"]}]},{"@type":"BreadcrumbList","@id":"https:\/\/agrimetre.com\/en\/open-account\/#breadcrumb","itemListElement":[{"@type":"ListItem","position":1,"name":"Home","item":"https:\/\/agrimetre.com\/en\/"},{"@type":"ListItem","position":2,"name":"Create Account"}]},{"@type":"WebSite","@id":"https:\/\/agrimetre.com\/en\/#website","url":"https:\/\/agrimetre.com\/en\/","name":"Agrimetre","description":"G\u0131da Tar\u0131m Verileri","publisher":{"@id":"https:\/\/agrimetre.com\/en\/#organization"},"potentialAction":[{"@type":"SearchAction","target":{"@type":"EntryPoint","urlTemplate":"https:\/\/agrimetre.com\/en\/?s={search_term_string}"},"query-input":{"@type":"PropertyValueSpecification","valueRequired":true,"valueName":"search_term_string"}}],"inLanguage":"en-US"},{"@type":"Organization","@id":"https:\/\/agrimetre.com\/en\/#organization","name":"Agrimetre Yaz\u0131l\u0131m ve Dan\u0131\u015fmanl\u0131k Ltd. \u015eti.","url":"https:\/\/agrimetre.com\/en\/","logo":{"@type":"ImageObject","inLanguage":"en-US","@id":"https:\/\/agrimetre.com\/en\/#\/schema\/logo\/image\/","url":"https:\/\/agrimetre.com\/wp-content\/uploads\/2019\/03\/agrimetre_logoweb.png","contentUrl":"https:\/\/agrimetre.com\/wp-content\/uploads\/2019\/03\/agrimetre_logoweb.png","width":320,"height":77,"caption":"Agrimetre Yaz\u0131l\u0131m ve Dan\u0131\u015fmanl\u0131k Ltd. \u015eti."},"image":{"@id":"https:\/\/agrimetre.com\/en\/#\/schema\/logo\/image\/"},"sameAs":["https:\/\/www.facebook.com\/agrimetre\/","https:\/\/x.com\/agrimetre","https:\/\/www.linkedin.com\/company\/agrimetre\/","https:\/\/www.youtube.com\/channel\/UC5FHNpcw7qcjDY_s6AibryA"]}]}},"_links":{"self":[{"href":"https:\/\/agrimetre.com\/en\/wp-json\/wp\/v2\/pages\/3026","targetHints":{"allow":["GET"]}}],"collection":[{"href":"https:\/\/agrimetre.com\/en\/wp-json\/wp\/v2\/pages"}],"about":[{"href":"https:\/\/agrimetre.com\/en\/wp-json\/wp\/v2\/types\/page"}],"author":[{"embeddable":true,"href":"https:\/\/agrimetre.com\/en\/wp-json\/wp\/v2\/users\/7"}],"replies":[{"embeddable":true,"href":"https:\/\/agrimetre.com\/en\/wp-json\/wp\/v2\/comments?post=3026"}],"version-history":[{"count":15,"href":"https:\/\/agrimetre.com\/en\/wp-json\/wp\/v2\/pages\/3026\/revisions"}],"predecessor-version":[{"id":3326,"href":"https:\/\/agrimetre.com\/en\/wp-json\/wp\/v2\/pages\/3026\/revisions\/3326"}],"wp:attachment":[{"href":"https:\/\/agrimetre.com\/en\/wp-json\/wp\/v2\/media?parent=3026"}],"curies":[{"name":"wp","href":"https:\/\/api.w.org\/{rel}","templated":true}]}}