{"id":3024,"date":"2020-08-08T02:15:57","date_gmt":"2020-08-07T23:15:57","guid":{"rendered":"https:\/\/agrimetre.com\/subscription\/"},"modified":"2025-07-28T20:01:19","modified_gmt":"2025-07-28T17:01:19","slug":"subscription","status":"publish","type":"page","link":"https:\/\/agrimetre.com\/en\/subscription\/","title":{"rendered":"Subscription"},"content":{"rendered":"<div class=\"wpb-content-wrapper\"><p>[vc_row css_animation=&#8221;&#8221; row_type=&#8221;row&#8221; use_row_as_full_screen_section=&#8221;no&#8221; type=&#8221;full_width&#8221; angled_section=&#8221;no&#8221; text_align=&#8221;left&#8221; background_image_as_pattern=&#8221;without_pattern&#8221;][vc_column][vc_column_text]<\/p>\n<h3 style=\"text-align: center;\">&#8220;With the subscription to <strong>Agrimetre<\/strong>, Turkey&#8217;s largest agricultural database<br \/>\neasily follow the latest domestic and foreign <strong>agricultural data<\/strong>. Don&#8217;t waste time looking for data.&#8221;<\/h3>\n<p>[\/vc_column_text][vc_empty_space height=&#8221;132px&#8221;][\/vc_column][\/vc_row][vc_row css_animation=&#8221;&#8221; row_type=&#8221;row&#8221; use_row_as_full_screen_section=&#8221;no&#8221; type=&#8221;full_width&#8221; angled_section=&#8221;no&#8221; text_align=&#8221;left&#8221; background_image_as_pattern=&#8221;without_pattern&#8221;][vc_column][qode_pricing_tables columns=&#8221;three_columns&#8221;][qode_pricing_table title=&#8221;Free of charge&#8221; title_tag_standard=&#8221;h3&#8243; show_button=&#8221;yes&#8221; target=&#8221;_self&#8221; active=&#8221;yes&#8221; price=&#8221;Free&#8221; currency=&#8221;USD&#8221; button_text=&#8221;Registration&#8221; link=&#8221;\/en\/agri-register\/&#8221; price_period=&#8221;.&#8221; active_text=&#8221;Registration&#8221;]<\/p>\n<ul>\n<li>&#8220;Macro Data&#8221;<\/li>\n<li>&#8220;Consumer Prices&#8217; Analysis&#8221;<\/li>\n<li>&#8220;Pasta Consumption Data&#8221;<\/li>\n<li>&#8220;Turkish Pasta Trade&#8221;<\/li>\n<li>&#8220;Turkisk Mil and Milk Products Trade&#8221;<\/li>\n<li>&#8220;Other Free Dashboards&#8221;<\/li>\n<\/ul>\n<p>[\/qode_pricing_table][qode_pricing_table title=&#8221;Standard&#8221; title_tag_standard=&#8221;h3&#8243; show_button=&#8221;yes&#8221; target=&#8221;_self&#8221; active=&#8221;yes&#8221; price=&#8221;15&#8243; currency=&#8221;USD&#8221; button_text=&#8221;Buy Now!&#8221; link=&#8221;\/en\/shop\/&#8221; price_period=&#8221;MON&#8221; active_text=&#8221;Subscription&#8221;]<\/p>\n<ul>\n<li>Starter Pack&#8221;<\/li>\n<li>&#8220;Turkey&#8217;s Foreign Trade&#8221;<\/li>\n<li>&#8220;Inward Processing Regime Trade&#8221;<\/li>\n<li>&#8220;Agricultural Production in Turkey&#8221;<\/li>\n<li>&#8220;Agriculture Map of Turkey&#8221;<\/li>\n<\/ul>\n<p><em>* 2 months free with annual subscription.<\/em>[\/qode_pricing_table][qode_pricing_table title=&#8221;Premium&#8221; title_tag_standard=&#8221;h3&#8243; show_button=&#8221;yes&#8221; target=&#8221;_self&#8221; active=&#8221;yes&#8221; price=&#8221;150&#8243; currency=&#8221;USD&#8221; button_text=&#8221;Buy Now!&#8221; link=&#8221;\/en\/shop\/&#8221; price_period=&#8221;MON&#8221; active_text=&#8221;Subscription&#8221;]<\/p>\n<ul>\n<li>&#8220;Standard Package&#8221;<\/li>\n<li>&#8220;World Agricultural Production&#8221;<\/li>\n<li>&#8220;World Plantations&#8221;<\/li>\n<li>&#8220;World Agricultural Trade&#8221;<\/li>\n<li>&#8220;Market Price Reports&#8221;<\/li>\n<li>&#8220;Wholesale and Stock Exchange Prices&#8221;<\/li>\n<\/ul>\n<p><em>* 2 months free with annual subscription.<\/em>[\/qode_pricing_table][\/qode_pricing_tables][\/vc_column][\/vc_row][vc_row css_animation=&#8221;&#8221; row_type=&#8221;row&#8221; use_row_as_full_screen_section=&#8221;no&#8221; type=&#8221;full_width&#8221; angled_section=&#8221;no&#8221; text_align=&#8221;left&#8221; background_image_as_pattern=&#8221;without_pattern&#8221; css=&#8221;.vc_custom_1707008972609{margin-top: 25px !important;margin-bottom: 25px !important;}&#8221; z_index=&#8221;&#8221;][vc_column width=&#8221;5\/6&#8243;][vc_empty_space height=&#8221;132px&#8221;][vc_column_text]<\/p>\n<h4 style=\"text-align: right;\">&#8220;Would you like us to prepare customized digital dashboards and reports for you as our corporate customer?&#8221;<\/h4>\n<p>[\/vc_column_text][vc_empty_space height=&#8221;132px&#8221;][\/vc_column][vc_column width=&#8221;1\/6&#8243;][vc_empty_space height=&#8221;132px&#8221;]<a  itemprop=\"url\" href=\"\/en\/contact\/\" target=\"_self\"  class=\"qbutton  default\" style=\"\">Request Offer<\/a>[vc_empty_space height=&#8221;132px&#8221;][\/vc_column][\/vc_row]<\/p>\n<\/div>","protected":false},"excerpt":{"rendered":"<p>[vc_row css_animation=&#8221;&#8221; row_type=&#8221;row&#8221; use_row_as_full_screen_section=&#8221;no&#8221; type=&#8221;full_width&#8221; angled_section=&#8221;no&#8221; text_align=&#8221;left&#8221; background_image_as_pattern=&#8221;without_pattern&#8221;][vc_column][vc_column_text] &#8220;With the subscription to Agrimetre, Turkey&#8217;s largest agricultural database easily follow the latest domestic and foreign agricultural data. Don&#8217;t waste time looking for data.&#8221; [\/vc_column_text][vc_empty_space height=&#8221;132px&#8221;][\/vc_column][\/vc_row][vc_row css_animation=&#8221;&#8221; row_type=&#8221;row&#8221; use_row_as_full_screen_section=&#8221;no&#8221; type=&#8221;full_width&#8221; angled_section=&#8221;no&#8221; text_align=&#8221;left&#8221; background_image_as_pattern=&#8221;without_pattern&#8221;][vc_column][qode_pricing_tables columns=&#8221;three_columns&#8221;][qode_pricing_table title=&#8221;Free of charge&#8221;&#8230;<\/p>\n","protected":false},"author":2,"featured_media":0,"parent":0,"menu_order":0,"comment_status":"closed","ping_status":"closed","template":"","meta":{"content-type":"","footnotes":""},"class_list":["post-3024","page","type-page","status-publish","hentry"],"yoast_head":"<!-- This site is optimized with the Yoast SEO plugin v27.3 - https:\/\/yoast.com\/product\/yoast-seo-wordpress\/ -->\n<title>Subscription - Agrimetre<\/title>\n<meta name=\"robots\" content=\"index, follow, max-snippet:-1, max-image-preview:large, max-video-preview:-1\" \/>\n<link rel=\"canonical\" href=\"https:\/\/agrimetre.com\/en\/subscription\/\" \/>\n<meta property=\"og:locale\" content=\"en_US\" \/>\n<meta property=\"og:type\" content=\"article\" \/>\n<meta property=\"og:title\" content=\"Subscription - Agrimetre\" \/>\n<meta property=\"og:description\" content=\"[vc_row css_animation=&#8221;&#8221; row_type=&#8221;row&#8221; use_row_as_full_screen_section=&#8221;no&#8221; type=&#8221;full_width&#8221; angled_section=&#8221;no&#8221; text_align=&#8221;left&#8221; background_image_as_pattern=&#8221;without_pattern&#8221;][vc_column][vc_column_text] &#8220;With the subscription to Agrimetre, Turkey&#8217;s largest agricultural database easily follow the latest domestic and foreign agricultural data. Don&#8217;t waste time looking for data.&#8221; [\/vc_column_text][vc_empty_space height=&#8221;132px&#8221;][\/vc_column][\/vc_row][vc_row css_animation=&#8221;&#8221; row_type=&#8221;row&#8221; use_row_as_full_screen_section=&#8221;no&#8221; type=&#8221;full_width&#8221; angled_section=&#8221;no&#8221; text_align=&#8221;left&#8221; background_image_as_pattern=&#8221;without_pattern&#8221;][vc_column][qode_pricing_tables columns=&#8221;three_columns&#8221;][qode_pricing_table title=&#8221;Free of charge&#8221;...\" \/>\n<meta property=\"og:url\" content=\"https:\/\/agrimetre.com\/en\/subscription\/\" \/>\n<meta property=\"og:site_name\" content=\"Agrimetre\" \/>\n<meta property=\"article:publisher\" content=\"https:\/\/www.facebook.com\/agrimetre\/\" \/>\n<meta property=\"article:modified_time\" content=\"2025-07-28T17:01:19+00:00\" \/>\n<meta property=\"og:image\" content=\"https:\/\/agrimetre.com\/wp-content\/uploads\/2019\/03\/agrimetre_logo__33cd63804d9af3db0475d15f05248f31.png\" \/>\n\t<meta property=\"og:image:width\" content=\"208\" \/>\n\t<meta property=\"og:image:height\" content=\"50\" \/>\n\t<meta property=\"og:image:type\" content=\"image\/png\" \/>\n<meta name=\"twitter:card\" content=\"summary_large_image\" \/>\n<meta name=\"twitter:site\" content=\"@agrimetre\" \/>\n<meta name=\"twitter:label1\" content=\"Est. reading time\" \/>\n\t<meta name=\"twitter:data1\" content=\"1 minute\" \/>\n<script type=\"application\/ld+json\" class=\"yoast-schema-graph\">{\"@context\":\"https:\\\/\\\/schema.org\",\"@graph\":[{\"@type\":\"WebPage\",\"@id\":\"https:\\\/\\\/agrimetre.com\\\/en\\\/subscription\\\/\",\"url\":\"https:\\\/\\\/agrimetre.com\\\/en\\\/subscription\\\/\",\"name\":\"Subscription - Agrimetre\",\"isPartOf\":{\"@id\":\"https:\\\/\\\/agrimetre.com\\\/en\\\/#website\"},\"datePublished\":\"2020-08-07T23:15:57+00:00\",\"dateModified\":\"2025-07-28T17:01:19+00:00\",\"breadcrumb\":{\"@id\":\"https:\\\/\\\/agrimetre.com\\\/en\\\/subscription\\\/#breadcrumb\"},\"inLanguage\":\"en-US\",\"potentialAction\":[{\"@type\":\"ReadAction\",\"target\":[\"https:\\\/\\\/agrimetre.com\\\/en\\\/subscription\\\/\"]}]},{\"@type\":\"BreadcrumbList\",\"@id\":\"https:\\\/\\\/agrimetre.com\\\/en\\\/subscription\\\/#breadcrumb\",\"itemListElement\":[{\"@type\":\"ListItem\",\"position\":1,\"name\":\"Home\",\"item\":\"https:\\\/\\\/agrimetre.com\\\/en\\\/\"},{\"@type\":\"ListItem\",\"position\":2,\"name\":\"Subscription\"}]},{\"@type\":\"WebSite\",\"@id\":\"https:\\\/\\\/agrimetre.com\\\/en\\\/#website\",\"url\":\"https:\\\/\\\/agrimetre.com\\\/en\\\/\",\"name\":\"Agrimetre\",\"description\":\"G\u0131da Tar\u0131m Verileri\",\"publisher\":{\"@id\":\"https:\\\/\\\/agrimetre.com\\\/en\\\/#organization\"},\"potentialAction\":[{\"@type\":\"SearchAction\",\"target\":{\"@type\":\"EntryPoint\",\"urlTemplate\":\"https:\\\/\\\/agrimetre.com\\\/en\\\/?s={search_term_string}\"},\"query-input\":{\"@type\":\"PropertyValueSpecification\",\"valueRequired\":true,\"valueName\":\"search_term_string\"}}],\"inLanguage\":\"en-US\"},{\"@type\":\"Organization\",\"@id\":\"https:\\\/\\\/agrimetre.com\\\/en\\\/#organization\",\"name\":\"Agrimetre Yaz\u0131l\u0131m ve Dan\u0131\u015fmanl\u0131k Ltd. \u015eti.\",\"url\":\"https:\\\/\\\/agrimetre.com\\\/en\\\/\",\"logo\":{\"@type\":\"ImageObject\",\"inLanguage\":\"en-US\",\"@id\":\"https:\\\/\\\/agrimetre.com\\\/en\\\/#\\\/schema\\\/logo\\\/image\\\/\",\"url\":\"https:\\\/\\\/agrimetre.com\\\/wp-content\\\/uploads\\\/2019\\\/03\\\/agrimetre_logoweb.png\",\"contentUrl\":\"https:\\\/\\\/agrimetre.com\\\/wp-content\\\/uploads\\\/2019\\\/03\\\/agrimetre_logoweb.png\",\"width\":320,\"height\":77,\"caption\":\"Agrimetre Yaz\u0131l\u0131m ve Dan\u0131\u015fmanl\u0131k Ltd. \u015eti.\"},\"image\":{\"@id\":\"https:\\\/\\\/agrimetre.com\\\/en\\\/#\\\/schema\\\/logo\\\/image\\\/\"},\"sameAs\":[\"https:\\\/\\\/www.facebook.com\\\/agrimetre\\\/\",\"https:\\\/\\\/x.com\\\/agrimetre\",\"https:\\\/\\\/www.linkedin.com\\\/company\\\/agrimetre\\\/\",\"https:\\\/\\\/www.youtube.com\\\/channel\\\/UC5FHNpcw7qcjDY_s6AibryA\"]}]}<\/script>\n<!-- \/ Yoast SEO plugin. -->","yoast_head_json":{"title":"Subscription - Agrimetre","robots":{"index":"index","follow":"follow","max-snippet":"max-snippet:-1","max-image-preview":"max-image-preview:large","max-video-preview":"max-video-preview:-1"},"canonical":"https:\/\/agrimetre.com\/en\/subscription\/","og_locale":"en_US","og_type":"article","og_title":"Subscription - Agrimetre","og_description":"[vc_row css_animation=&#8221;&#8221; row_type=&#8221;row&#8221; use_row_as_full_screen_section=&#8221;no&#8221; type=&#8221;full_width&#8221; angled_section=&#8221;no&#8221; text_align=&#8221;left&#8221; background_image_as_pattern=&#8221;without_pattern&#8221;][vc_column][vc_column_text] &#8220;With the subscription to Agrimetre, Turkey&#8217;s largest agricultural database easily follow the latest domestic and foreign agricultural data. Don&#8217;t waste time looking for data.&#8221; [\/vc_column_text][vc_empty_space height=&#8221;132px&#8221;][\/vc_column][\/vc_row][vc_row css_animation=&#8221;&#8221; row_type=&#8221;row&#8221; use_row_as_full_screen_section=&#8221;no&#8221; type=&#8221;full_width&#8221; angled_section=&#8221;no&#8221; text_align=&#8221;left&#8221; background_image_as_pattern=&#8221;without_pattern&#8221;][vc_column][qode_pricing_tables columns=&#8221;three_columns&#8221;][qode_pricing_table title=&#8221;Free of charge&#8221;...","og_url":"https:\/\/agrimetre.com\/en\/subscription\/","og_site_name":"Agrimetre","article_publisher":"https:\/\/www.facebook.com\/agrimetre\/","article_modified_time":"2025-07-28T17:01:19+00:00","og_image":[{"width":208,"height":50,"url":"https:\/\/agrimetre.com\/wp-content\/uploads\/2019\/03\/agrimetre_logo__33cd63804d9af3db0475d15f05248f31.png","type":"image\/png"}],"twitter_card":"summary_large_image","twitter_site":"@agrimetre","twitter_misc":{"Est. reading time":"1 minute"},"schema":{"@context":"https:\/\/schema.org","@graph":[{"@type":"WebPage","@id":"https:\/\/agrimetre.com\/en\/subscription\/","url":"https:\/\/agrimetre.com\/en\/subscription\/","name":"Subscription - Agrimetre","isPartOf":{"@id":"https:\/\/agrimetre.com\/en\/#website"},"datePublished":"2020-08-07T23:15:57+00:00","dateModified":"2025-07-28T17:01:19+00:00","breadcrumb":{"@id":"https:\/\/agrimetre.com\/en\/subscription\/#breadcrumb"},"inLanguage":"en-US","potentialAction":[{"@type":"ReadAction","target":["https:\/\/agrimetre.com\/en\/subscription\/"]}]},{"@type":"BreadcrumbList","@id":"https:\/\/agrimetre.com\/en\/subscription\/#breadcrumb","itemListElement":[{"@type":"ListItem","position":1,"name":"Home","item":"https:\/\/agrimetre.com\/en\/"},{"@type":"ListItem","position":2,"name":"Subscription"}]},{"@type":"WebSite","@id":"https:\/\/agrimetre.com\/en\/#website","url":"https:\/\/agrimetre.com\/en\/","name":"Agrimetre","description":"G\u0131da Tar\u0131m Verileri","publisher":{"@id":"https:\/\/agrimetre.com\/en\/#organization"},"potentialAction":[{"@type":"SearchAction","target":{"@type":"EntryPoint","urlTemplate":"https:\/\/agrimetre.com\/en\/?s={search_term_string}"},"query-input":{"@type":"PropertyValueSpecification","valueRequired":true,"valueName":"search_term_string"}}],"inLanguage":"en-US"},{"@type":"Organization","@id":"https:\/\/agrimetre.com\/en\/#organization","name":"Agrimetre Yaz\u0131l\u0131m ve Dan\u0131\u015fmanl\u0131k Ltd. \u015eti.","url":"https:\/\/agrimetre.com\/en\/","logo":{"@type":"ImageObject","inLanguage":"en-US","@id":"https:\/\/agrimetre.com\/en\/#\/schema\/logo\/image\/","url":"https:\/\/agrimetre.com\/wp-content\/uploads\/2019\/03\/agrimetre_logoweb.png","contentUrl":"https:\/\/agrimetre.com\/wp-content\/uploads\/2019\/03\/agrimetre_logoweb.png","width":320,"height":77,"caption":"Agrimetre Yaz\u0131l\u0131m ve Dan\u0131\u015fmanl\u0131k Ltd. \u015eti."},"image":{"@id":"https:\/\/agrimetre.com\/en\/#\/schema\/logo\/image\/"},"sameAs":["https:\/\/www.facebook.com\/agrimetre\/","https:\/\/x.com\/agrimetre","https:\/\/www.linkedin.com\/company\/agrimetre\/","https:\/\/www.youtube.com\/channel\/UC5FHNpcw7qcjDY_s6AibryA"]}]}},"_links":{"self":[{"href":"https:\/\/agrimetre.com\/en\/wp-json\/wp\/v2\/pages\/3024","targetHints":{"allow":["GET"]}}],"collection":[{"href":"https:\/\/agrimetre.com\/en\/wp-json\/wp\/v2\/pages"}],"about":[{"href":"https:\/\/agrimetre.com\/en\/wp-json\/wp\/v2\/types\/page"}],"author":[{"embeddable":true,"href":"https:\/\/agrimetre.com\/en\/wp-json\/wp\/v2\/users\/2"}],"replies":[{"embeddable":true,"href":"https:\/\/agrimetre.com\/en\/wp-json\/wp\/v2\/comments?post=3024"}],"version-history":[{"count":24,"href":"https:\/\/agrimetre.com\/en\/wp-json\/wp\/v2\/pages\/3024\/revisions"}],"predecessor-version":[{"id":3675,"href":"https:\/\/agrimetre.com\/en\/wp-json\/wp\/v2\/pages\/3024\/revisions\/3675"}],"wp:attachment":[{"href":"https:\/\/agrimetre.com\/en\/wp-json\/wp\/v2\/media?parent=3024"}],"curies":[{"name":"wp","href":"https:\/\/api.w.org\/{rel}","templated":true}]}}