{"id":3020,"date":"2019-12-19T17:11:24","date_gmt":"2019-12-19T14:11:24","guid":{"rendered":"https:\/\/agrimetre.com\/login\/"},"modified":"2024-02-05T16:10:49","modified_gmt":"2024-02-05T13:10:49","slug":"login","status":"publish","type":"page","link":"https:\/\/agrimetre.com\/en\/login\/","title":{"rendered":"Login"},"content":{"rendered":"<p><strong><div ><div class=\"the_champ_login_container\"><ul class=\"the_champ_login_ul\"><li><i class=\"theChampLogin theChampXBackground theChampXLogin\" alt=\"Login with X\" title=\"Login with X\" onclick=\"theChampInitiateLogin(this, 'x')\" ><ss style=\"display:block\" class=\"theChampLoginSvg theChampXLoginSvg\"><\/ss><\/i><\/li><li><i id=\"theChampGoogleButton\" class=\"theChampLogin theChampGoogleBackground theChampGoogleLogin\" alt=\"Login with Google\" title=\"Login with Google\" onclick=\"theChampInitiateLogin(this, 'google')\" ><ss style=\"display:block\" class=\"theChampLoginSvg theChampGoogleLoginSvg\"><\/ss><\/i><\/li><\/ul><\/div><\/div><div style=\"clear:both\"><\/div><\/strong><\/p>\n\n  <!-- Login Form - Start -->\n  <div class=\"ihc-login-form-wrap ihc-login-template-12\">\n      <form method=\"post\" id=\"ihc_login_form\">\n          <input type=\"hidden\" name=\"ihcaction\" value=\"login\" \/>\n          <input type=\"hidden\" name=\"ihc_login_nonce\" value=\"a7287ec6b8\" \/>\n\n          \n                    <!-- Username field -->\n          <div class=\"impu-form-line-fr\">\n              <i class=\"fa-ihc fa-username-ihc\"><\/i>\n              <input type=\"text\" value=\"\" name=\"log\" id=\"iump_login_username\" placeholder=\"Username\"\/>\n          <\/div>\n          <!-- End of username field -->\n          \n                    <!-- Password field -->\n          <div class=\"impu-form-line-fr\">\n              <i class=\"fa-ihc fa-pass-ihc\"><\/i>\n              <input type=\"password\" value=\"\" name=\"pwd\" id=\"iump_login_password\" placeholder=\"Password\"\/>\n              <span  class=\"ihc-hide-login-pw hide-if-no-js\" data-toggle=\"0\" aria-label=\"Show password\">\n              <span class=\"dashicons dashicons-visibility\" aria-hidden=\"true\"><\/span>\n                <\/span>\n          <\/div>\n          <!-- End of Password field -->\n          \n          \n          <!-- Remember me checkbox -->\n                    <div class=\"impu-remember-wrapper\">\n              <input type=\"checkbox\" value=\"forever\" name=\"rememberme\" class=\"impu-form-input-remember\" \/>\n              <span class=\"impu-form-label-remember\">Remember Me<\/span>\n          <\/div>\n                    <!-- End of remember me --->\n\n          <!-- Additional links -->\n                        <div class=\"impu-form-links-pass\"><a href=\"https:\/\/agrimetre.com\/lost-pass\/\">Lost your password?<\/a><\/div>\n                    <!-- End of Aditional links -->\n\n          <div class=\"ihc-clear\"><\/div>\n\n          <!-- captcha -->\n                                <div class=\"g-recaptcha-wrapper\" class=\"\">\n        <div class=\"g-recaptcha\" data-sitekey=\"6LcwOYIUAAAAAPTHLIfEPXFHVjqUtrfRAMNotVlx\"><\/div>\n    <\/div>\n                    <!-- end of captcha -->\n\n          <!-- Submit bttn -->\n                        <div class=\"impu-form-line-fr impu-form-submit\">\n                  <input type=\"submit\" value=\"Log In\" name=\"Submit\"  class=\"button button-primary button-large\"\/>\n              <\/div>\n                    <!-- End of Submit bttn -->\n\n\n                    <!-- Social -->\n                                        <!-- End of Social -->\n\n          <!-- Additional links -->\n                        <div class=\"impu-form-links\">\n                <div class=\"impu-form-links-reg\">Don&#039;t have an account? <a href=\"https:\/\/agrimetre.com\/agri-register\/\">Register<\/a><\/div>\n              <\/div>\n                        <!-- End of Aditional links -->\n\n      <\/form>\n  <\/div>\n\n  \n  <span class='ihc-js-login-data'\tdata-user_field='#iump_login_username' data-password_field='#iump_login_password' data-error_message='Please complete all required fields!' ><\/span>\n  <!-- End of Login Form -->\n\n\n","protected":false},"excerpt":{"rendered":"Remember Me Lost your password? Don&#039;t have an account? Register","protected":false},"author":2,"featured_media":0,"parent":0,"menu_order":0,"comment_status":"closed","ping_status":"closed","template":"","meta":{"content-type":"","footnotes":""},"class_list":["post-3020","page","type-page","status-publish","hentry"],"yoast_head":"<!-- This site is optimized with the Yoast SEO plugin v27.3 - https:\/\/yoast.com\/product\/yoast-seo-wordpress\/ -->\n<title>Login - Agrimetre<\/title>\n<meta name=\"description\" content=\"Agrimeter Panel login page\" \/>\n<meta name=\"robots\" content=\"index, follow, max-snippet:-1, max-image-preview:large, max-video-preview:-1\" \/>\n<link rel=\"canonical\" href=\"https:\/\/agrimetre.com\/en\/login\/\" \/>\n<meta property=\"og:locale\" content=\"en_US\" \/>\n<meta property=\"og:type\" content=\"article\" \/>\n<meta property=\"og:title\" content=\"Login - Agrimetre\" \/>\n<meta property=\"og:description\" content=\"Agrimeter Panel login page\" \/>\n<meta property=\"og:url\" content=\"https:\/\/agrimetre.com\/en\/login\/\" \/>\n<meta property=\"og:site_name\" content=\"Agrimetre\" \/>\n<meta property=\"article:publisher\" content=\"https:\/\/www.facebook.com\/agrimetre\/\" \/>\n<meta property=\"article:modified_time\" content=\"2024-02-05T13:10:49+00:00\" \/>\n<meta property=\"og:image\" content=\"https:\/\/agrimetre.com\/wp-content\/uploads\/2019\/03\/agrimetre_logo__33cd63804d9af3db0475d15f05248f31.png\" \/>\n\t<meta property=\"og:image:width\" content=\"208\" \/>\n\t<meta property=\"og:image:height\" content=\"50\" \/>\n\t<meta property=\"og:image:type\" content=\"image\/png\" \/>\n<meta name=\"twitter:card\" content=\"summary_large_image\" \/>\n<meta name=\"twitter:site\" content=\"@agrimetre\" \/>\n<script type=\"application\/ld+json\" class=\"yoast-schema-graph\">{\"@context\":\"https:\\\/\\\/schema.org\",\"@graph\":[{\"@type\":\"WebPage\",\"@id\":\"https:\\\/\\\/agrimetre.com\\\/en\\\/login\\\/\",\"url\":\"https:\\\/\\\/agrimetre.com\\\/en\\\/login\\\/\",\"name\":\"Login - Agrimetre\",\"isPartOf\":{\"@id\":\"https:\\\/\\\/agrimetre.com\\\/en\\\/#website\"},\"datePublished\":\"2019-12-19T14:11:24+00:00\",\"dateModified\":\"2024-02-05T13:10:49+00:00\",\"description\":\"Agrimeter Panel login page\",\"breadcrumb\":{\"@id\":\"https:\\\/\\\/agrimetre.com\\\/en\\\/login\\\/#breadcrumb\"},\"inLanguage\":\"en-US\",\"potentialAction\":[{\"@type\":\"ReadAction\",\"target\":[\"https:\\\/\\\/agrimetre.com\\\/en\\\/login\\\/\"]}]},{\"@type\":\"BreadcrumbList\",\"@id\":\"https:\\\/\\\/agrimetre.com\\\/en\\\/login\\\/#breadcrumb\",\"itemListElement\":[{\"@type\":\"ListItem\",\"position\":1,\"name\":\"Home\",\"item\":\"https:\\\/\\\/agrimetre.com\\\/en\\\/\"},{\"@type\":\"ListItem\",\"position\":2,\"name\":\"Login\"}]},{\"@type\":\"WebSite\",\"@id\":\"https:\\\/\\\/agrimetre.com\\\/en\\\/#website\",\"url\":\"https:\\\/\\\/agrimetre.com\\\/en\\\/\",\"name\":\"Agrimetre\",\"description\":\"G\u0131da Tar\u0131m Verileri\",\"publisher\":{\"@id\":\"https:\\\/\\\/agrimetre.com\\\/en\\\/#organization\"},\"potentialAction\":[{\"@type\":\"SearchAction\",\"target\":{\"@type\":\"EntryPoint\",\"urlTemplate\":\"https:\\\/\\\/agrimetre.com\\\/en\\\/?s={search_term_string}\"},\"query-input\":{\"@type\":\"PropertyValueSpecification\",\"valueRequired\":true,\"valueName\":\"search_term_string\"}}],\"inLanguage\":\"en-US\"},{\"@type\":\"Organization\",\"@id\":\"https:\\\/\\\/agrimetre.com\\\/en\\\/#organization\",\"name\":\"Agrimetre Yaz\u0131l\u0131m ve Dan\u0131\u015fmanl\u0131k Ltd. \u015eti.\",\"url\":\"https:\\\/\\\/agrimetre.com\\\/en\\\/\",\"logo\":{\"@type\":\"ImageObject\",\"inLanguage\":\"en-US\",\"@id\":\"https:\\\/\\\/agrimetre.com\\\/en\\\/#\\\/schema\\\/logo\\\/image\\\/\",\"url\":\"https:\\\/\\\/agrimetre.com\\\/wp-content\\\/uploads\\\/2019\\\/03\\\/agrimetre_logoweb.png\",\"contentUrl\":\"https:\\\/\\\/agrimetre.com\\\/wp-content\\\/uploads\\\/2019\\\/03\\\/agrimetre_logoweb.png\",\"width\":320,\"height\":77,\"caption\":\"Agrimetre Yaz\u0131l\u0131m ve Dan\u0131\u015fmanl\u0131k Ltd. \u015eti.\"},\"image\":{\"@id\":\"https:\\\/\\\/agrimetre.com\\\/en\\\/#\\\/schema\\\/logo\\\/image\\\/\"},\"sameAs\":[\"https:\\\/\\\/www.facebook.com\\\/agrimetre\\\/\",\"https:\\\/\\\/x.com\\\/agrimetre\",\"https:\\\/\\\/www.linkedin.com\\\/company\\\/agrimetre\\\/\",\"https:\\\/\\\/www.youtube.com\\\/channel\\\/UC5FHNpcw7qcjDY_s6AibryA\"]}]}<\/script>\n<!-- \/ Yoast SEO plugin. -->","yoast_head_json":{"title":"Login - Agrimetre","description":"Agrimeter Panel login page","robots":{"index":"index","follow":"follow","max-snippet":"max-snippet:-1","max-image-preview":"max-image-preview:large","max-video-preview":"max-video-preview:-1"},"canonical":"https:\/\/agrimetre.com\/en\/login\/","og_locale":"en_US","og_type":"article","og_title":"Login - Agrimetre","og_description":"Agrimeter Panel login page","og_url":"https:\/\/agrimetre.com\/en\/login\/","og_site_name":"Agrimetre","article_publisher":"https:\/\/www.facebook.com\/agrimetre\/","article_modified_time":"2024-02-05T13:10:49+00:00","og_image":[{"width":208,"height":50,"url":"https:\/\/agrimetre.com\/wp-content\/uploads\/2019\/03\/agrimetre_logo__33cd63804d9af3db0475d15f05248f31.png","type":"image\/png"}],"twitter_card":"summary_large_image","twitter_site":"@agrimetre","schema":{"@context":"https:\/\/schema.org","@graph":[{"@type":"WebPage","@id":"https:\/\/agrimetre.com\/en\/login\/","url":"https:\/\/agrimetre.com\/en\/login\/","name":"Login - Agrimetre","isPartOf":{"@id":"https:\/\/agrimetre.com\/en\/#website"},"datePublished":"2019-12-19T14:11:24+00:00","dateModified":"2024-02-05T13:10:49+00:00","description":"Agrimeter Panel login page","breadcrumb":{"@id":"https:\/\/agrimetre.com\/en\/login\/#breadcrumb"},"inLanguage":"en-US","potentialAction":[{"@type":"ReadAction","target":["https:\/\/agrimetre.com\/en\/login\/"]}]},{"@type":"BreadcrumbList","@id":"https:\/\/agrimetre.com\/en\/login\/#breadcrumb","itemListElement":[{"@type":"ListItem","position":1,"name":"Home","item":"https:\/\/agrimetre.com\/en\/"},{"@type":"ListItem","position":2,"name":"Login"}]},{"@type":"WebSite","@id":"https:\/\/agrimetre.com\/en\/#website","url":"https:\/\/agrimetre.com\/en\/","name":"Agrimetre","description":"G\u0131da Tar\u0131m Verileri","publisher":{"@id":"https:\/\/agrimetre.com\/en\/#organization"},"potentialAction":[{"@type":"SearchAction","target":{"@type":"EntryPoint","urlTemplate":"https:\/\/agrimetre.com\/en\/?s={search_term_string}"},"query-input":{"@type":"PropertyValueSpecification","valueRequired":true,"valueName":"search_term_string"}}],"inLanguage":"en-US"},{"@type":"Organization","@id":"https:\/\/agrimetre.com\/en\/#organization","name":"Agrimetre Yaz\u0131l\u0131m ve Dan\u0131\u015fmanl\u0131k Ltd. \u015eti.","url":"https:\/\/agrimetre.com\/en\/","logo":{"@type":"ImageObject","inLanguage":"en-US","@id":"https:\/\/agrimetre.com\/en\/#\/schema\/logo\/image\/","url":"https:\/\/agrimetre.com\/wp-content\/uploads\/2019\/03\/agrimetre_logoweb.png","contentUrl":"https:\/\/agrimetre.com\/wp-content\/uploads\/2019\/03\/agrimetre_logoweb.png","width":320,"height":77,"caption":"Agrimetre Yaz\u0131l\u0131m ve Dan\u0131\u015fmanl\u0131k Ltd. \u015eti."},"image":{"@id":"https:\/\/agrimetre.com\/en\/#\/schema\/logo\/image\/"},"sameAs":["https:\/\/www.facebook.com\/agrimetre\/","https:\/\/x.com\/agrimetre","https:\/\/www.linkedin.com\/company\/agrimetre\/","https:\/\/www.youtube.com\/channel\/UC5FHNpcw7qcjDY_s6AibryA"]}]}},"_links":{"self":[{"href":"https:\/\/agrimetre.com\/en\/wp-json\/wp\/v2\/pages\/3020","targetHints":{"allow":["GET"]}}],"collection":[{"href":"https:\/\/agrimetre.com\/en\/wp-json\/wp\/v2\/pages"}],"about":[{"href":"https:\/\/agrimetre.com\/en\/wp-json\/wp\/v2\/types\/page"}],"author":[{"embeddable":true,"href":"https:\/\/agrimetre.com\/en\/wp-json\/wp\/v2\/users\/2"}],"replies":[{"embeddable":true,"href":"https:\/\/agrimetre.com\/en\/wp-json\/wp\/v2\/comments?post=3020"}],"version-history":[{"count":1,"href":"https:\/\/agrimetre.com\/en\/wp-json\/wp\/v2\/pages\/3020\/revisions"}],"predecessor-version":[{"id":3023,"href":"https:\/\/agrimetre.com\/en\/wp-json\/wp\/v2\/pages\/3020\/revisions\/3023"}],"wp:attachment":[{"href":"https:\/\/agrimetre.com\/en\/wp-json\/wp\/v2\/media?parent=3020"}],"curies":[{"name":"wp","href":"https:\/\/api.w.org\/{rel}","templated":true}]}}