{"id":3016,"date":"2019-12-19T17:11:24","date_gmt":"2019-12-19T14:11:24","guid":{"rendered":"https:\/\/agrimetre.com\/registration\/"},"modified":"2024-02-06T15:18:24","modified_gmt":"2024-02-06T12:18:24","slug":"registration","status":"publish","type":"page","link":"https:\/\/agrimetre.com\/en\/registration\/","title":{"rendered":"Registration"},"content":{"rendered":"<p><strong><div ><div class=\"the_champ_login_container\"><ul class=\"the_champ_login_ul\"><li><i class=\"theChampLogin theChampXBackground theChampXLogin\" alt=\"Login with X\" title=\"Login with X\" onclick=\"theChampInitiateLogin(this, 'x')\" ><ss style=\"display:block\" class=\"theChampLoginSvg theChampXLoginSvg\"><\/ss><\/i><\/li><li><i id=\"theChampGoogleButton\" class=\"theChampLogin theChampGoogleBackground theChampGoogleLogin\" alt=\"Login with Google\" title=\"Login with Google\" onclick=\"theChampInitiateLogin(this, 'google')\" ><ss style=\"display:block\" class=\"theChampLoginSvg theChampGoogleLoginSvg\"><\/ss><\/i><\/li><\/ul><\/div><\/div><div style=\"clear:both\"><\/div><\/strong><\/p>\n<div class=\"iump-register-form ihc-register-10\"><form name=\"createuser\" id=\"createuser\" class=\"ihc-form-create-edit\" enctype=\"multipart\/form-data\" method=\"post\" action=\"\">\n\n        \n        <!-- loop throught fields -->\n        \n            <div class=\"iump-form-line-register iump-form-text iump-form-user_login\" id=\"ihc_reg_user_login_8012\" >\n                              <label class=\"iump-labels-register\">\n                                            <span class=\"ihc-required-sign\">*<\/span>\n                                        Username                <\/label>\n                \n                <input type=\"text\" name=\"user_login\"  class=\"\" value=\"\" placeholder=\"\"   \/>\n                <!-- print the errors if its case -->\n                \n            <\/div>\n        \n            <div class=\"iump-form-line-register iump-form-text iump-form-user_email\" id=\"ihc_reg_user_email_9017\" >\n                              <label class=\"iump-labels-register\">\n                                            <span class=\"ihc-required-sign\">*<\/span>\n                                        Email                <\/label>\n                \n                <input type=\"text\" name=\"user_email\"  class=\"\" value=\"\" placeholder=\"\"   \/>\n                <!-- print the errors if its case -->\n                \n            <\/div>\n        \n            <div class=\"iump-form-line-register iump-form-text iump-form-first_name\" id=\"ihc_reg_first_name_3671\" >\n                              <label class=\"iump-labels-register\">\n                                            <span class=\"ihc-required-sign\">*<\/span>\n                                        First Name                <\/label>\n                \n                <input type=\"text\" name=\"first_name\"  class=\"\" value=\"\" placeholder=\"\"   \/>\n                <!-- print the errors if its case -->\n                \n            <\/div>\n        \n            <div class=\"iump-form-line-register iump-form-text iump-form-last_name\" id=\"ihc_reg_last_name_8696\" >\n                              <label class=\"iump-labels-register\">\n                                            <span class=\"ihc-required-sign\">*<\/span>\n                                        Last Name                <\/label>\n                \n                <input type=\"text\" name=\"last_name\"  class=\"\" value=\"\" placeholder=\"\"   \/>\n                <!-- print the errors if its case -->\n                \n            <\/div>\n        \n            <div class=\"iump-form-line-register iump-form-password iump-form-pass1\" id=\"ihc_reg_pass1_6772\" >\n                              <label class=\"iump-labels-register\">\n                                            <span class=\"ihc-required-sign\">*<\/span>\n                                        Password                <\/label>\n                \n                <input type=\"password\" name=\"pass1\"  class=\"\" value=\"\" placeholder=\"\"  data-rules=\"8,1\"\/><span class=\"ihc-hide-pw hide-if-no-js\" data-toggle=\"0\" aria-label=\"Show password\">\n            <span class=\"dashicons dashicons-visibility\" aria-hidden=\"true\"><\/span>\n          <\/span><div class=\"ihc-strength-wrapper\"><ul class=\"ihc-strength\"><li class=\"point\"><\/li><li class=\"point\"><\/li><li class=\"point\"><\/li><li class=\"point\"><\/li><li class=\"point\"><\/li><\/ul><div class=\"ihc-strength-label\"><\/div><\/div>\n                <!-- print the errors if its case -->\n                \n            <\/div>\n        \n            <div class=\"iump-form-line-register iump-form-password iump-form-pass2\" id=\"ihc_reg_pass2_2862\" >\n                              <label class=\"iump-labels-register\">\n                                            <span class=\"ihc-required-sign\">*<\/span>\n                                        Confirm Password                <\/label>\n                \n                <input type=\"password\" name=\"pass2\"  class=\"\" value=\"\" placeholder=\"\"  data-rules=\"8,1\"\/><span class=\"ihc-hide-pw hide-if-no-js\" data-toggle=\"0\" aria-label=\"Show password\">\n            <span class=\"dashicons dashicons-visibility\" aria-hidden=\"true\"><\/span>\n          <\/span><div class=\"ihc-strength-wrapper\"><ul class=\"ihc-strength\"><li class=\"point\"><\/li><li class=\"point\"><\/li><li class=\"point\"><\/li><li class=\"point\"><\/li><li class=\"point\"><\/li><\/ul><div class=\"ihc-strength-label\"><\/div><\/div>\n                <!-- print the errors if its case -->\n                \n            <\/div>\n        \n            <div class=\"iump-form-line-register iump-form-social_media iump-form-ihc_social_media\" id=\"ihc_reg_ihc_social_media_6168\" >\n              \n                \n                <!-- print the errors if its case -->\n                \n            <\/div>\n        \n            <div class=\"iump-form-line-register iump-form-tos iump-form-tos\" id=\"ihc_reg_tos_4088\" >\n              \n                <div class=\"ihc-tos-wrap\" id=\"ihc_tos_field_parent_126\">\n    <input type=\"checkbox\" value=\"1\" name=\"tos\" class=\"\" \/>\n    <a href=\"https:\/\/agrimetre.com\/sartlar-ve-kosullar\/\" target=\"_blank\">By creating an account, you hereby acknowledge and agree to abide by our Terms of Use.<\/a>\n<\/div>\n\n                <!-- print the errors if its case -->\n                \n            <\/div>\n        \n            <div class=\"iump-form-line-register iump-form-capcha iump-form-recaptcha\" id=\"ihc_reg_recaptcha_422\" >\n              \n                    <div class=\"g-recaptcha-wrapper \">\n        <div class=\"g-recaptcha\" data-sitekey=\"6LcwOYIUAAAAAPTHLIfEPXFHVjqUtrfRAMNotVlx\"  ><\/div>\n            <\/div>\n\n                <!-- print the errors if its case -->\n                \n            <\/div>\n                <!-- end of loop fields -->\n\n        \n        <div class=\"iump-submit-form\">\n            <input type=\"submit\" name=\"Submit\" value=\"Register\" class=\"button button-primary button-large\" id=\"ihc_submit_bttn\" data-standard-label=\"Register\" data-loading-label=\"Please wait...\"  \/>\n        <\/div>\n\n        \n                                  <input type=\"hidden\" name=\"ihcFormType\"  class=\"\" value=\"register\"  \/>                          <input type=\"hidden\" name=\"ihcaction\"  class=\"\" value=\"register\"  \/>                          <input type=\"hidden\" name=\"ihc_user_add_edit_nonce\"  class=\"\" value=\"af8cbeb00f\"  \/>                    \n<\/form>\n<form method=\"post\" action=\"https:\/\/agrimetre.com\/wp-content\/plugins\/indeed-membership-pro\/public\/social_handler.php\" id=\"ihc_social_login_form\">\n    <input type=hidden name=ihc_current_url value='https%3A%2F%2Fagrimetre.com%2Fen%2Fwp-json%2Fwp%2Fv2%2Fpages%2F3016' \/>\n    <input type=hidden name=sm_register value=1 \/>\n<\/form>\n<\/div>\n","protected":false},"excerpt":{"rendered":"* Username * Email * First Name * Last Name * Password * Confirm Password By creating an account, you hereby acknowledge and agree to abide by our Terms of Use.","protected":false},"author":2,"featured_media":0,"parent":0,"menu_order":0,"comment_status":"closed","ping_status":"closed","template":"","meta":{"content-type":"","footnotes":""},"class_list":["post-3016","page","type-page","status-publish","hentry"],"yoast_head":"<!-- This site is optimized with the Yoast SEO plugin v27.3 - https:\/\/yoast.com\/product\/yoast-seo-wordpress\/ -->\n<title>Registration - Agrimetre<\/title>\n<meta name=\"robots\" content=\"index, follow, max-snippet:-1, max-image-preview:large, max-video-preview:-1\" \/>\n<link rel=\"canonical\" href=\"https:\/\/agrimetre.com\/en\/registration\/\" \/>\n<meta property=\"og:locale\" content=\"en_US\" \/>\n<meta property=\"og:type\" content=\"article\" \/>\n<meta property=\"og:title\" content=\"Registration - Agrimetre\" \/>\n<meta property=\"og:url\" content=\"https:\/\/agrimetre.com\/en\/registration\/\" \/>\n<meta property=\"og:site_name\" content=\"Agrimetre\" \/>\n<meta property=\"article:publisher\" content=\"https:\/\/www.facebook.com\/agrimetre\/\" \/>\n<meta property=\"article:modified_time\" content=\"2024-02-06T12:18:24+00:00\" \/>\n<meta property=\"og:image\" content=\"https:\/\/agrimetre.com\/wp-content\/uploads\/2019\/03\/agrimetre_logo__33cd63804d9af3db0475d15f05248f31.png\" \/>\n\t<meta property=\"og:image:width\" content=\"208\" \/>\n\t<meta property=\"og:image:height\" content=\"50\" \/>\n\t<meta property=\"og:image:type\" content=\"image\/png\" \/>\n<meta name=\"twitter:card\" content=\"summary_large_image\" \/>\n<meta name=\"twitter:site\" content=\"@agrimetre\" \/>\n<script type=\"application\/ld+json\" class=\"yoast-schema-graph\">{\"@context\":\"https:\\\/\\\/schema.org\",\"@graph\":[{\"@type\":\"WebPage\",\"@id\":\"https:\\\/\\\/agrimetre.com\\\/en\\\/registration\\\/\",\"url\":\"https:\\\/\\\/agrimetre.com\\\/en\\\/registration\\\/\",\"name\":\"Registration - Agrimetre\",\"isPartOf\":{\"@id\":\"https:\\\/\\\/agrimetre.com\\\/en\\\/#website\"},\"datePublished\":\"2019-12-19T14:11:24+00:00\",\"dateModified\":\"2024-02-06T12:18:24+00:00\",\"breadcrumb\":{\"@id\":\"https:\\\/\\\/agrimetre.com\\\/en\\\/registration\\\/#breadcrumb\"},\"inLanguage\":\"en-US\",\"potentialAction\":[{\"@type\":\"ReadAction\",\"target\":[\"https:\\\/\\\/agrimetre.com\\\/en\\\/registration\\\/\"]}]},{\"@type\":\"BreadcrumbList\",\"@id\":\"https:\\\/\\\/agrimetre.com\\\/en\\\/registration\\\/#breadcrumb\",\"itemListElement\":[{\"@type\":\"ListItem\",\"position\":1,\"name\":\"Home\",\"item\":\"https:\\\/\\\/agrimetre.com\\\/en\\\/\"},{\"@type\":\"ListItem\",\"position\":2,\"name\":\"Registration\"}]},{\"@type\":\"WebSite\",\"@id\":\"https:\\\/\\\/agrimetre.com\\\/en\\\/#website\",\"url\":\"https:\\\/\\\/agrimetre.com\\\/en\\\/\",\"name\":\"Agrimetre\",\"description\":\"G\u0131da Tar\u0131m Verileri\",\"publisher\":{\"@id\":\"https:\\\/\\\/agrimetre.com\\\/en\\\/#organization\"},\"potentialAction\":[{\"@type\":\"SearchAction\",\"target\":{\"@type\":\"EntryPoint\",\"urlTemplate\":\"https:\\\/\\\/agrimetre.com\\\/en\\\/?s={search_term_string}\"},\"query-input\":{\"@type\":\"PropertyValueSpecification\",\"valueRequired\":true,\"valueName\":\"search_term_string\"}}],\"inLanguage\":\"en-US\"},{\"@type\":\"Organization\",\"@id\":\"https:\\\/\\\/agrimetre.com\\\/en\\\/#organization\",\"name\":\"Agrimetre Yaz\u0131l\u0131m ve Dan\u0131\u015fmanl\u0131k Ltd. \u015eti.\",\"url\":\"https:\\\/\\\/agrimetre.com\\\/en\\\/\",\"logo\":{\"@type\":\"ImageObject\",\"inLanguage\":\"en-US\",\"@id\":\"https:\\\/\\\/agrimetre.com\\\/en\\\/#\\\/schema\\\/logo\\\/image\\\/\",\"url\":\"https:\\\/\\\/agrimetre.com\\\/wp-content\\\/uploads\\\/2019\\\/03\\\/agrimetre_logoweb.png\",\"contentUrl\":\"https:\\\/\\\/agrimetre.com\\\/wp-content\\\/uploads\\\/2019\\\/03\\\/agrimetre_logoweb.png\",\"width\":320,\"height\":77,\"caption\":\"Agrimetre Yaz\u0131l\u0131m ve Dan\u0131\u015fmanl\u0131k Ltd. \u015eti.\"},\"image\":{\"@id\":\"https:\\\/\\\/agrimetre.com\\\/en\\\/#\\\/schema\\\/logo\\\/image\\\/\"},\"sameAs\":[\"https:\\\/\\\/www.facebook.com\\\/agrimetre\\\/\",\"https:\\\/\\\/x.com\\\/agrimetre\",\"https:\\\/\\\/www.linkedin.com\\\/company\\\/agrimetre\\\/\",\"https:\\\/\\\/www.youtube.com\\\/channel\\\/UC5FHNpcw7qcjDY_s6AibryA\"]}]}<\/script>\n<!-- \/ Yoast SEO plugin. -->","yoast_head_json":{"title":"Registration - Agrimetre","robots":{"index":"index","follow":"follow","max-snippet":"max-snippet:-1","max-image-preview":"max-image-preview:large","max-video-preview":"max-video-preview:-1"},"canonical":"https:\/\/agrimetre.com\/en\/registration\/","og_locale":"en_US","og_type":"article","og_title":"Registration - Agrimetre","og_url":"https:\/\/agrimetre.com\/en\/registration\/","og_site_name":"Agrimetre","article_publisher":"https:\/\/www.facebook.com\/agrimetre\/","article_modified_time":"2024-02-06T12:18:24+00:00","og_image":[{"width":208,"height":50,"url":"https:\/\/agrimetre.com\/wp-content\/uploads\/2019\/03\/agrimetre_logo__33cd63804d9af3db0475d15f05248f31.png","type":"image\/png"}],"twitter_card":"summary_large_image","twitter_site":"@agrimetre","schema":{"@context":"https:\/\/schema.org","@graph":[{"@type":"WebPage","@id":"https:\/\/agrimetre.com\/en\/registration\/","url":"https:\/\/agrimetre.com\/en\/registration\/","name":"Registration - Agrimetre","isPartOf":{"@id":"https:\/\/agrimetre.com\/en\/#website"},"datePublished":"2019-12-19T14:11:24+00:00","dateModified":"2024-02-06T12:18:24+00:00","breadcrumb":{"@id":"https:\/\/agrimetre.com\/en\/registration\/#breadcrumb"},"inLanguage":"en-US","potentialAction":[{"@type":"ReadAction","target":["https:\/\/agrimetre.com\/en\/registration\/"]}]},{"@type":"BreadcrumbList","@id":"https:\/\/agrimetre.com\/en\/registration\/#breadcrumb","itemListElement":[{"@type":"ListItem","position":1,"name":"Home","item":"https:\/\/agrimetre.com\/en\/"},{"@type":"ListItem","position":2,"name":"Registration"}]},{"@type":"WebSite","@id":"https:\/\/agrimetre.com\/en\/#website","url":"https:\/\/agrimetre.com\/en\/","name":"Agrimetre","description":"G\u0131da Tar\u0131m Verileri","publisher":{"@id":"https:\/\/agrimetre.com\/en\/#organization"},"potentialAction":[{"@type":"SearchAction","target":{"@type":"EntryPoint","urlTemplate":"https:\/\/agrimetre.com\/en\/?s={search_term_string}"},"query-input":{"@type":"PropertyValueSpecification","valueRequired":true,"valueName":"search_term_string"}}],"inLanguage":"en-US"},{"@type":"Organization","@id":"https:\/\/agrimetre.com\/en\/#organization","name":"Agrimetre Yaz\u0131l\u0131m ve Dan\u0131\u015fmanl\u0131k Ltd. \u015eti.","url":"https:\/\/agrimetre.com\/en\/","logo":{"@type":"ImageObject","inLanguage":"en-US","@id":"https:\/\/agrimetre.com\/en\/#\/schema\/logo\/image\/","url":"https:\/\/agrimetre.com\/wp-content\/uploads\/2019\/03\/agrimetre_logoweb.png","contentUrl":"https:\/\/agrimetre.com\/wp-content\/uploads\/2019\/03\/agrimetre_logoweb.png","width":320,"height":77,"caption":"Agrimetre Yaz\u0131l\u0131m ve Dan\u0131\u015fmanl\u0131k Ltd. \u015eti."},"image":{"@id":"https:\/\/agrimetre.com\/en\/#\/schema\/logo\/image\/"},"sameAs":["https:\/\/www.facebook.com\/agrimetre\/","https:\/\/x.com\/agrimetre","https:\/\/www.linkedin.com\/company\/agrimetre\/","https:\/\/www.youtube.com\/channel\/UC5FHNpcw7qcjDY_s6AibryA"]}]}},"_links":{"self":[{"href":"https:\/\/agrimetre.com\/en\/wp-json\/wp\/v2\/pages\/3016","targetHints":{"allow":["GET"]}}],"collection":[{"href":"https:\/\/agrimetre.com\/en\/wp-json\/wp\/v2\/pages"}],"about":[{"href":"https:\/\/agrimetre.com\/en\/wp-json\/wp\/v2\/types\/page"}],"author":[{"embeddable":true,"href":"https:\/\/agrimetre.com\/en\/wp-json\/wp\/v2\/users\/2"}],"replies":[{"embeddable":true,"href":"https:\/\/agrimetre.com\/en\/wp-json\/wp\/v2\/comments?post=3016"}],"version-history":[{"count":1,"href":"https:\/\/agrimetre.com\/en\/wp-json\/wp\/v2\/pages\/3016\/revisions"}],"predecessor-version":[{"id":3017,"href":"https:\/\/agrimetre.com\/en\/wp-json\/wp\/v2\/pages\/3016\/revisions\/3017"}],"wp:attachment":[{"href":"https:\/\/agrimetre.com\/en\/wp-json\/wp\/v2\/media?parent=3016"}],"curies":[{"name":"wp","href":"https:\/\/api.w.org\/{rel}","templated":true}]}}