{"id":2997,"date":"2018-11-22T22:12:17","date_gmt":"2018-11-22T19:12:17","guid":{"rendered":"https:\/\/agrimetre.com\/contact\/"},"modified":"2024-02-06T14:34:15","modified_gmt":"2024-02-06T11:34:15","slug":"contact","status":"publish","type":"page","link":"https:\/\/agrimetre.com\/en\/contact\/","title":{"rendered":"Contact"},"content":{"rendered":"<div class=\"wpb-content-wrapper\"><p>[vc_row css_animation=&#8221;&#8221; row_type=&#8221;row&#8221; use_row_as_full_screen_section=&#8221;no&#8221; type=&#8221;full_width&#8221; angled_section=&#8221;no&#8221; text_align=&#8221;left&#8221; background_image_as_pattern=&#8221;without_pattern&#8221;][vc_column width=&#8221;1\/2&#8243;][vc_column_text css=&#8221;.vc_custom_1707073455038{border-radius: 1px !important;}&#8221;]<\/p>\n<h3>Address<\/h3>\n<p>[\/vc_column_text][vc_column_text]METU Teknokent Informatics and Innovation Center<br \/>\nMustafa Kemal Mah. Dumlupinar Boulevard No: 280\/G<\/p>\n<p>\u00c7ankaya \/ ANKARA<\/p>\n<p>info(at)agrimetre.com[\/vc_column_text]<div class='google_map_shortcode_holder' style='height:600px;'><div class='qode_google_map' style='height:600px;' id='map_canvas_83843' data-addresses='[\"Mustafa Kemal Mah. Dumlup\u0131nar BLV\",\"no:280g\/1202\",\"Ankara\"]' data-custom-map-style='false' data-color-overlay='#393939' data-saturation='-100' data-lightness='-60' data-zoom='12' data-pin='https:\/\/agrimetre.com\/wp-content\/themes\/bridge\/img\/pin.png' data-unique-id='83843' data-google-maps-scroll-wheel='false' data-snazzy-map-style='no' data-map-height='600'><\/div><div class='google_map_shortcode_overlay'><\/div><\/div>[\/vc_column][vc_column width=&#8221;1\/2&#8243;][vc_row_inner row_type=&#8221;row&#8221; type=&#8221;full_width&#8221; text_align=&#8221;left&#8221; css_animation=&#8221;&#8221;][vc_column_inner][vc_column_text css=&#8221;.vc_custom_1648328778743{border-radius: 1px !important;}&#8221;]<\/p>\n<h3>Write to Us<\/h3>\n<p>[\/vc_column_text][vc_raw_html]PHNjcmlwdCBjaGFyc2V0PSJ1dGYtOCIgdHlwZT0idGV4dC9qYXZhc2NyaXB0IiBzcmM9Ii8vanMtZXUxLmhzZm9ybXMubmV0L2Zvcm1zL3NoZWxsLmpzIj48L3NjcmlwdD48c2NyaXB0Pmhic3B0LmZvcm1zLmNyZWF0ZSh7CglyZWdpb246ICJldTEiLAoJcG9ydGFsSWQ6ICIyNTY3NDg2NSIsCglmb3JtSWQ6ICJlNWM2MGY1My05YWI5LTRiOWMtYmM0YS0yYTQ4ZDkyYmQxOTUiCn0pOwo8L3NjcmlwdD4=[\/vc_raw_html][vc_single_image image=&#8221;2498&#8243; img_size=&#8221;large&#8221; qode_css_animation=&#8221;&#8221; css=&#8221;.vc_custom_1707003798675{margin-top: -55px !important;}&#8221;][\/vc_column_inner][\/vc_row_inner][\/vc_column][\/vc_row]<\/p>\n<\/div>","protected":false},"excerpt":{"rendered":"<p>[vc_row css_animation=&#8221;&#8221; row_type=&#8221;row&#8221; use_row_as_full_screen_section=&#8221;no&#8221; type=&#8221;full_width&#8221; angled_section=&#8221;no&#8221; text_align=&#8221;left&#8221; background_image_as_pattern=&#8221;without_pattern&#8221;][vc_column width=&#8221;1\/2&#8243;][vc_column_text css=&#8221;.vc_custom_1707073455038{border-radius: 1px !important;}&#8221;] Address [\/vc_column_text][vc_column_text]METU Teknokent Informatics and Innovation Center Mustafa Kemal Mah. Dumlupinar Boulevard No: 280\/G \u00c7ankaya \/ ANKARA info(at)agrimetre.com[\/vc_column_text][\/vc_column][vc_column width=&#8221;1\/2&#8243;][vc_row_inner row_type=&#8221;row&#8221; type=&#8221;full_width&#8221; text_align=&#8221;left&#8221; css_animation=&#8221;&#8221;][vc_column_inner][vc_column_text css=&#8221;.vc_custom_1648328778743{border-radius: 1px !important;}&#8221;] Write to Us [\/vc_column_text][vc_raw_html]PHNjcmlwdCBjaGFyc2V0PSJ1dGYtOCIgdHlwZT0idGV4dC9qYXZhc2NyaXB0IiBzcmM9Ii8vanMtZXUxLmhzZm9ybXMubmV0L2Zvcm1zL3NoZWxsLmpzIj48L3NjcmlwdD48c2NyaXB0Pmhic3B0LmZvcm1zLmNyZWF0ZSh7CglyZWdpb246ICJldTEiLAoJcG9ydGFsSWQ6ICIyNTY3NDg2NSIsCglmb3JtSWQ6ICJlNWM2MGY1My05YWI5LTRiOWMtYmM0YS0yYTQ4ZDkyYmQxOTUiCn0pOwo8L3NjcmlwdD4=[\/vc_raw_html][vc_single_image image=&#8221;2498&#8243; img_size=&#8221;large&#8221; qode_css_animation=&#8221;&#8221;&#8230;<\/p>\n","protected":false},"author":1,"featured_media":0,"parent":0,"menu_order":0,"comment_status":"closed","ping_status":"closed","template":"","meta":{"content-type":"","footnotes":""},"class_list":["post-2997","page","type-page","status-publish","hentry"],"yoast_head":"<!-- This site is optimized with the Yoast SEO plugin v27.4 - https:\/\/yoast.com\/product\/yoast-seo-wordpress\/ -->\n<title>Contact - Agrimetre<\/title>\n<meta name=\"robots\" content=\"index, follow, max-snippet:-1, max-image-preview:large, max-video-preview:-1\" \/>\n<link rel=\"canonical\" href=\"https:\/\/agrimetre.com\/en\/contact\/\" \/>\n<meta property=\"og:locale\" content=\"en_US\" \/>\n<meta property=\"og:type\" content=\"article\" \/>\n<meta property=\"og:title\" content=\"Contact - Agrimetre\" \/>\n<meta property=\"og:description\" content=\"[vc_row css_animation=&#8221;&#8221; row_type=&#8221;row&#8221; use_row_as_full_screen_section=&#8221;no&#8221; type=&#8221;full_width&#8221; angled_section=&#8221;no&#8221; text_align=&#8221;left&#8221; background_image_as_pattern=&#8221;without_pattern&#8221;][vc_column width=&#8221;1\/2&#8243;][vc_column_text css=&#8221;.vc_custom_1707073455038{border-radius: 1px !important;}&#8221;] Address [\/vc_column_text][vc_column_text]METU Teknokent Informatics and Innovation Center Mustafa Kemal Mah. Dumlupinar Boulevard No: 280\/G \u00c7ankaya \/ ANKARA info(at)agrimetre.com[\/vc_column_text][\/vc_column][vc_column width=&#8221;1\/2&#8243;][vc_row_inner row_type=&#8221;row&#8221; type=&#8221;full_width&#8221; text_align=&#8221;left&#8221; css_animation=&#8221;&#8221;][vc_column_inner][vc_column_text css=&#8221;.vc_custom_1648328778743{border-radius: 1px !important;}&#8221;] Write to Us [\/vc_column_text][vc_raw_html]PHNjcmlwdCBjaGFyc2V0PSJ1dGYtOCIgdHlwZT0idGV4dC9qYXZhc2NyaXB0IiBzcmM9Ii8vanMtZXUxLmhzZm9ybXMubmV0L2Zvcm1zL3NoZWxsLmpzIj48L3NjcmlwdD48c2NyaXB0Pmhic3B0LmZvcm1zLmNyZWF0ZSh7CglyZWdpb246ICJldTEiLAoJcG9ydGFsSWQ6ICIyNTY3NDg2NSIsCglmb3JtSWQ6ICJlNWM2MGY1My05YWI5LTRiOWMtYmM0YS0yYTQ4ZDkyYmQxOTUiCn0pOwo8L3NjcmlwdD4=[\/vc_raw_html][vc_single_image image=&#8221;2498&#8243; img_size=&#8221;large&#8221; qode_css_animation=&#8221;&#8221;...\" \/>\n<meta property=\"og:url\" content=\"https:\/\/agrimetre.com\/en\/contact\/\" \/>\n<meta property=\"og:site_name\" content=\"Agrimetre\" \/>\n<meta property=\"article:publisher\" content=\"https:\/\/www.facebook.com\/agrimetre\/\" \/>\n<meta property=\"article:modified_time\" content=\"2024-02-06T11:34:15+00:00\" \/>\n<meta property=\"og:image\" content=\"https:\/\/agrimetre.com\/wp-content\/uploads\/2019\/03\/agrimetre_logo__33cd63804d9af3db0475d15f05248f31.png\" \/>\n\t<meta property=\"og:image:width\" content=\"208\" \/>\n\t<meta property=\"og:image:height\" content=\"50\" \/>\n\t<meta property=\"og:image:type\" content=\"image\/png\" \/>\n<meta name=\"twitter:card\" content=\"summary_large_image\" \/>\n<meta name=\"twitter:site\" content=\"@agrimetre\" \/>\n<meta name=\"twitter:label1\" content=\"Est. reading time\" \/>\n\t<meta name=\"twitter:data1\" content=\"1 minute\" \/>\n<script type=\"application\/ld+json\" class=\"yoast-schema-graph\">{\"@context\":\"https:\\\/\\\/schema.org\",\"@graph\":[{\"@type\":\"WebPage\",\"@id\":\"https:\\\/\\\/agrimetre.com\\\/en\\\/contact\\\/\",\"url\":\"https:\\\/\\\/agrimetre.com\\\/en\\\/contact\\\/\",\"name\":\"Contact - Agrimetre\",\"isPartOf\":{\"@id\":\"https:\\\/\\\/agrimetre.com\\\/en\\\/#website\"},\"datePublished\":\"2018-11-22T19:12:17+00:00\",\"dateModified\":\"2024-02-06T11:34:15+00:00\",\"breadcrumb\":{\"@id\":\"https:\\\/\\\/agrimetre.com\\\/en\\\/contact\\\/#breadcrumb\"},\"inLanguage\":\"en-US\",\"potentialAction\":[{\"@type\":\"ReadAction\",\"target\":[\"https:\\\/\\\/agrimetre.com\\\/en\\\/contact\\\/\"]}]},{\"@type\":\"BreadcrumbList\",\"@id\":\"https:\\\/\\\/agrimetre.com\\\/en\\\/contact\\\/#breadcrumb\",\"itemListElement\":[{\"@type\":\"ListItem\",\"position\":1,\"name\":\"Home\",\"item\":\"https:\\\/\\\/agrimetre.com\\\/en\\\/\"},{\"@type\":\"ListItem\",\"position\":2,\"name\":\"Contact\"}]},{\"@type\":\"WebSite\",\"@id\":\"https:\\\/\\\/agrimetre.com\\\/en\\\/#website\",\"url\":\"https:\\\/\\\/agrimetre.com\\\/en\\\/\",\"name\":\"Agrimetre\",\"description\":\"G\u0131da Tar\u0131m Verileri\",\"publisher\":{\"@id\":\"https:\\\/\\\/agrimetre.com\\\/en\\\/#organization\"},\"potentialAction\":[{\"@type\":\"SearchAction\",\"target\":{\"@type\":\"EntryPoint\",\"urlTemplate\":\"https:\\\/\\\/agrimetre.com\\\/en\\\/?s={search_term_string}\"},\"query-input\":{\"@type\":\"PropertyValueSpecification\",\"valueRequired\":true,\"valueName\":\"search_term_string\"}}],\"inLanguage\":\"en-US\"},{\"@type\":\"Organization\",\"@id\":\"https:\\\/\\\/agrimetre.com\\\/en\\\/#organization\",\"name\":\"Agrimetre Yaz\u0131l\u0131m ve Dan\u0131\u015fmanl\u0131k Ltd. \u015eti.\",\"url\":\"https:\\\/\\\/agrimetre.com\\\/en\\\/\",\"logo\":{\"@type\":\"ImageObject\",\"inLanguage\":\"en-US\",\"@id\":\"https:\\\/\\\/agrimetre.com\\\/en\\\/#\\\/schema\\\/logo\\\/image\\\/\",\"url\":\"https:\\\/\\\/agrimetre.com\\\/wp-content\\\/uploads\\\/2019\\\/03\\\/agrimetre_logoweb.png\",\"contentUrl\":\"https:\\\/\\\/agrimetre.com\\\/wp-content\\\/uploads\\\/2019\\\/03\\\/agrimetre_logoweb.png\",\"width\":320,\"height\":77,\"caption\":\"Agrimetre Yaz\u0131l\u0131m ve Dan\u0131\u015fmanl\u0131k Ltd. \u015eti.\"},\"image\":{\"@id\":\"https:\\\/\\\/agrimetre.com\\\/en\\\/#\\\/schema\\\/logo\\\/image\\\/\"},\"sameAs\":[\"https:\\\/\\\/www.facebook.com\\\/agrimetre\\\/\",\"https:\\\/\\\/x.com\\\/agrimetre\",\"https:\\\/\\\/www.linkedin.com\\\/company\\\/agrimetre\\\/\",\"https:\\\/\\\/www.youtube.com\\\/channel\\\/UC5FHNpcw7qcjDY_s6AibryA\"]}]}<\/script>\n<!-- \/ Yoast SEO plugin. -->","yoast_head_json":{"title":"Contact - Agrimetre","robots":{"index":"index","follow":"follow","max-snippet":"max-snippet:-1","max-image-preview":"max-image-preview:large","max-video-preview":"max-video-preview:-1"},"canonical":"https:\/\/agrimetre.com\/en\/contact\/","og_locale":"en_US","og_type":"article","og_title":"Contact - Agrimetre","og_description":"[vc_row css_animation=&#8221;&#8221; row_type=&#8221;row&#8221; use_row_as_full_screen_section=&#8221;no&#8221; type=&#8221;full_width&#8221; angled_section=&#8221;no&#8221; text_align=&#8221;left&#8221; background_image_as_pattern=&#8221;without_pattern&#8221;][vc_column width=&#8221;1\/2&#8243;][vc_column_text css=&#8221;.vc_custom_1707073455038{border-radius: 1px !important;}&#8221;] Address [\/vc_column_text][vc_column_text]METU Teknokent Informatics and Innovation Center Mustafa Kemal Mah. Dumlupinar Boulevard No: 280\/G \u00c7ankaya \/ ANKARA info(at)agrimetre.com[\/vc_column_text][\/vc_column][vc_column width=&#8221;1\/2&#8243;][vc_row_inner row_type=&#8221;row&#8221; type=&#8221;full_width&#8221; text_align=&#8221;left&#8221; css_animation=&#8221;&#8221;][vc_column_inner][vc_column_text css=&#8221;.vc_custom_1648328778743{border-radius: 1px !important;}&#8221;] Write to Us [\/vc_column_text][vc_raw_html]PHNjcmlwdCBjaGFyc2V0PSJ1dGYtOCIgdHlwZT0idGV4dC9qYXZhc2NyaXB0IiBzcmM9Ii8vanMtZXUxLmhzZm9ybXMubmV0L2Zvcm1zL3NoZWxsLmpzIj48L3NjcmlwdD48c2NyaXB0Pmhic3B0LmZvcm1zLmNyZWF0ZSh7CglyZWdpb246ICJldTEiLAoJcG9ydGFsSWQ6ICIyNTY3NDg2NSIsCglmb3JtSWQ6ICJlNWM2MGY1My05YWI5LTRiOWMtYmM0YS0yYTQ4ZDkyYmQxOTUiCn0pOwo8L3NjcmlwdD4=[\/vc_raw_html][vc_single_image image=&#8221;2498&#8243; img_size=&#8221;large&#8221; qode_css_animation=&#8221;&#8221;...","og_url":"https:\/\/agrimetre.com\/en\/contact\/","og_site_name":"Agrimetre","article_publisher":"https:\/\/www.facebook.com\/agrimetre\/","article_modified_time":"2024-02-06T11:34:15+00:00","og_image":[{"width":208,"height":50,"url":"https:\/\/agrimetre.com\/wp-content\/uploads\/2019\/03\/agrimetre_logo__33cd63804d9af3db0475d15f05248f31.png","type":"image\/png"}],"twitter_card":"summary_large_image","twitter_site":"@agrimetre","twitter_misc":{"Est. reading time":"1 minute"},"schema":{"@context":"https:\/\/schema.org","@graph":[{"@type":"WebPage","@id":"https:\/\/agrimetre.com\/en\/contact\/","url":"https:\/\/agrimetre.com\/en\/contact\/","name":"Contact - Agrimetre","isPartOf":{"@id":"https:\/\/agrimetre.com\/en\/#website"},"datePublished":"2018-11-22T19:12:17+00:00","dateModified":"2024-02-06T11:34:15+00:00","breadcrumb":{"@id":"https:\/\/agrimetre.com\/en\/contact\/#breadcrumb"},"inLanguage":"en-US","potentialAction":[{"@type":"ReadAction","target":["https:\/\/agrimetre.com\/en\/contact\/"]}]},{"@type":"BreadcrumbList","@id":"https:\/\/agrimetre.com\/en\/contact\/#breadcrumb","itemListElement":[{"@type":"ListItem","position":1,"name":"Home","item":"https:\/\/agrimetre.com\/en\/"},{"@type":"ListItem","position":2,"name":"Contact"}]},{"@type":"WebSite","@id":"https:\/\/agrimetre.com\/en\/#website","url":"https:\/\/agrimetre.com\/en\/","name":"Agrimetre","description":"G\u0131da Tar\u0131m Verileri","publisher":{"@id":"https:\/\/agrimetre.com\/en\/#organization"},"potentialAction":[{"@type":"SearchAction","target":{"@type":"EntryPoint","urlTemplate":"https:\/\/agrimetre.com\/en\/?s={search_term_string}"},"query-input":{"@type":"PropertyValueSpecification","valueRequired":true,"valueName":"search_term_string"}}],"inLanguage":"en-US"},{"@type":"Organization","@id":"https:\/\/agrimetre.com\/en\/#organization","name":"Agrimetre Yaz\u0131l\u0131m ve Dan\u0131\u015fmanl\u0131k Ltd. \u015eti.","url":"https:\/\/agrimetre.com\/en\/","logo":{"@type":"ImageObject","inLanguage":"en-US","@id":"https:\/\/agrimetre.com\/en\/#\/schema\/logo\/image\/","url":"https:\/\/agrimetre.com\/wp-content\/uploads\/2019\/03\/agrimetre_logoweb.png","contentUrl":"https:\/\/agrimetre.com\/wp-content\/uploads\/2019\/03\/agrimetre_logoweb.png","width":320,"height":77,"caption":"Agrimetre Yaz\u0131l\u0131m ve Dan\u0131\u015fmanl\u0131k Ltd. \u015eti."},"image":{"@id":"https:\/\/agrimetre.com\/en\/#\/schema\/logo\/image\/"},"sameAs":["https:\/\/www.facebook.com\/agrimetre\/","https:\/\/x.com\/agrimetre","https:\/\/www.linkedin.com\/company\/agrimetre\/","https:\/\/www.youtube.com\/channel\/UC5FHNpcw7qcjDY_s6AibryA"]}]}},"_links":{"self":[{"href":"https:\/\/agrimetre.com\/en\/wp-json\/wp\/v2\/pages\/2997","targetHints":{"allow":["GET"]}}],"collection":[{"href":"https:\/\/agrimetre.com\/en\/wp-json\/wp\/v2\/pages"}],"about":[{"href":"https:\/\/agrimetre.com\/en\/wp-json\/wp\/v2\/types\/page"}],"author":[{"embeddable":true,"href":"https:\/\/agrimetre.com\/en\/wp-json\/wp\/v2\/users\/1"}],"replies":[{"embeddable":true,"href":"https:\/\/agrimetre.com\/en\/wp-json\/wp\/v2\/comments?post=2997"}],"version-history":[{"count":5,"href":"https:\/\/agrimetre.com\/en\/wp-json\/wp\/v2\/pages\/2997\/revisions"}],"predecessor-version":[{"id":3193,"href":"https:\/\/agrimetre.com\/en\/wp-json\/wp\/v2\/pages\/2997\/revisions\/3193"}],"wp:attachment":[{"href":"https:\/\/agrimetre.com\/en\/wp-json\/wp\/v2\/media?parent=2997"}],"curies":[{"name":"wp","href":"https:\/\/api.w.org\/{rel}","templated":true}]}}