{"id":2791,"date":"2019-12-19T17:11:24","date_gmt":"2019-12-19T14:11:24","guid":{"rendered":"https:\/\/agrimetre.com\/my-account-2\/"},"modified":"2024-02-06T15:13:29","modified_gmt":"2024-02-06T12:13:29","slug":"iump-account-page","status":"publish","type":"page","link":"https:\/\/agrimetre.com\/en\/iump-account-page\/","title":{"rendered":"My Account"},"content":{"rendered":"\n","protected":false},"excerpt":{"rendered":"","protected":false},"author":2,"featured_media":0,"parent":0,"menu_order":0,"comment_status":"closed","ping_status":"closed","template":"","meta":{"content-type":"","footnotes":""},"class_list":["post-2791","page","type-page","status-publish","hentry"],"yoast_head":"<!-- This site is optimized with the Yoast SEO plugin v27.3 - https:\/\/yoast.com\/product\/yoast-seo-wordpress\/ -->\n<title>My Account - Agrimetre<\/title>\n<meta name=\"robots\" content=\"index, follow, max-snippet:-1, max-image-preview:large, max-video-preview:-1\" \/>\n<link rel=\"canonical\" href=\"https:\/\/agrimetre.com\/en\/iump-account-page\/\" \/>\n<meta property=\"og:locale\" content=\"en_US\" \/>\n<meta property=\"og:type\" content=\"article\" \/>\n<meta property=\"og:title\" content=\"My Account - Agrimetre\" \/>\n<meta property=\"og:url\" content=\"https:\/\/agrimetre.com\/en\/iump-account-page\/\" \/>\n<meta property=\"og:site_name\" content=\"Agrimetre\" \/>\n<meta property=\"article:publisher\" content=\"https:\/\/www.facebook.com\/agrimetre\/\" \/>\n<meta property=\"article:modified_time\" content=\"2024-02-06T12:13:29+00:00\" \/>\n<meta property=\"og:image\" content=\"https:\/\/agrimetre.com\/wp-content\/uploads\/2019\/03\/agrimetre_logo__33cd63804d9af3db0475d15f05248f31.png\" \/>\n\t<meta property=\"og:image:width\" content=\"208\" \/>\n\t<meta property=\"og:image:height\" content=\"50\" \/>\n\t<meta property=\"og:image:type\" content=\"image\/png\" \/>\n<meta name=\"twitter:card\" content=\"summary_large_image\" \/>\n<meta name=\"twitter:site\" content=\"@agrimetre\" \/>\n<meta name=\"twitter:label1\" content=\"Est. reading time\" \/>\n\t<meta name=\"twitter:data1\" content=\"1 minute\" \/>\n<script type=\"application\/ld+json\" class=\"yoast-schema-graph\">{\"@context\":\"https:\\\/\\\/schema.org\",\"@graph\":[{\"@type\":\"WebPage\",\"@id\":\"https:\\\/\\\/agrimetre.com\\\/en\\\/iump-account-page\\\/\",\"url\":\"https:\\\/\\\/agrimetre.com\\\/en\\\/iump-account-page\\\/\",\"name\":\"My Account - Agrimetre\",\"isPartOf\":{\"@id\":\"https:\\\/\\\/agrimetre.com\\\/en\\\/#website\"},\"datePublished\":\"2019-12-19T14:11:24+00:00\",\"dateModified\":\"2024-02-06T12:13:29+00:00\",\"breadcrumb\":{\"@id\":\"https:\\\/\\\/agrimetre.com\\\/en\\\/iump-account-page\\\/#breadcrumb\"},\"inLanguage\":\"en-US\",\"potentialAction\":[{\"@type\":\"ReadAction\",\"target\":[\"https:\\\/\\\/agrimetre.com\\\/en\\\/iump-account-page\\\/\"]}]},{\"@type\":\"BreadcrumbList\",\"@id\":\"https:\\\/\\\/agrimetre.com\\\/en\\\/iump-account-page\\\/#breadcrumb\",\"itemListElement\":[{\"@type\":\"ListItem\",\"position\":1,\"name\":\"Home\",\"item\":\"https:\\\/\\\/agrimetre.com\\\/en\\\/\"},{\"@type\":\"ListItem\",\"position\":2,\"name\":\"My Account\"}]},{\"@type\":\"WebSite\",\"@id\":\"https:\\\/\\\/agrimetre.com\\\/en\\\/#website\",\"url\":\"https:\\\/\\\/agrimetre.com\\\/en\\\/\",\"name\":\"Agrimetre\",\"description\":\"G\u0131da Tar\u0131m Verileri\",\"publisher\":{\"@id\":\"https:\\\/\\\/agrimetre.com\\\/en\\\/#organization\"},\"potentialAction\":[{\"@type\":\"SearchAction\",\"target\":{\"@type\":\"EntryPoint\",\"urlTemplate\":\"https:\\\/\\\/agrimetre.com\\\/en\\\/?s={search_term_string}\"},\"query-input\":{\"@type\":\"PropertyValueSpecification\",\"valueRequired\":true,\"valueName\":\"search_term_string\"}}],\"inLanguage\":\"en-US\"},{\"@type\":\"Organization\",\"@id\":\"https:\\\/\\\/agrimetre.com\\\/en\\\/#organization\",\"name\":\"Agrimetre Yaz\u0131l\u0131m ve Dan\u0131\u015fmanl\u0131k Ltd. \u015eti.\",\"url\":\"https:\\\/\\\/agrimetre.com\\\/en\\\/\",\"logo\":{\"@type\":\"ImageObject\",\"inLanguage\":\"en-US\",\"@id\":\"https:\\\/\\\/agrimetre.com\\\/en\\\/#\\\/schema\\\/logo\\\/image\\\/\",\"url\":\"https:\\\/\\\/agrimetre.com\\\/wp-content\\\/uploads\\\/2019\\\/03\\\/agrimetre_logoweb.png\",\"contentUrl\":\"https:\\\/\\\/agrimetre.com\\\/wp-content\\\/uploads\\\/2019\\\/03\\\/agrimetre_logoweb.png\",\"width\":320,\"height\":77,\"caption\":\"Agrimetre Yaz\u0131l\u0131m ve Dan\u0131\u015fmanl\u0131k Ltd. \u015eti.\"},\"image\":{\"@id\":\"https:\\\/\\\/agrimetre.com\\\/en\\\/#\\\/schema\\\/logo\\\/image\\\/\"},\"sameAs\":[\"https:\\\/\\\/www.facebook.com\\\/agrimetre\\\/\",\"https:\\\/\\\/x.com\\\/agrimetre\",\"https:\\\/\\\/www.linkedin.com\\\/company\\\/agrimetre\\\/\",\"https:\\\/\\\/www.youtube.com\\\/channel\\\/UC5FHNpcw7qcjDY_s6AibryA\"]}]}<\/script>\n<!-- \/ Yoast SEO plugin. -->","yoast_head_json":{"title":"My Account - Agrimetre","robots":{"index":"index","follow":"follow","max-snippet":"max-snippet:-1","max-image-preview":"max-image-preview:large","max-video-preview":"max-video-preview:-1"},"canonical":"https:\/\/agrimetre.com\/en\/iump-account-page\/","og_locale":"en_US","og_type":"article","og_title":"My Account - Agrimetre","og_url":"https:\/\/agrimetre.com\/en\/iump-account-page\/","og_site_name":"Agrimetre","article_publisher":"https:\/\/www.facebook.com\/agrimetre\/","article_modified_time":"2024-02-06T12:13:29+00:00","og_image":[{"width":208,"height":50,"url":"https:\/\/agrimetre.com\/wp-content\/uploads\/2019\/03\/agrimetre_logo__33cd63804d9af3db0475d15f05248f31.png","type":"image\/png"}],"twitter_card":"summary_large_image","twitter_site":"@agrimetre","twitter_misc":{"Est. reading time":"1 minute"},"schema":{"@context":"https:\/\/schema.org","@graph":[{"@type":"WebPage","@id":"https:\/\/agrimetre.com\/en\/iump-account-page\/","url":"https:\/\/agrimetre.com\/en\/iump-account-page\/","name":"My Account - Agrimetre","isPartOf":{"@id":"https:\/\/agrimetre.com\/en\/#website"},"datePublished":"2019-12-19T14:11:24+00:00","dateModified":"2024-02-06T12:13:29+00:00","breadcrumb":{"@id":"https:\/\/agrimetre.com\/en\/iump-account-page\/#breadcrumb"},"inLanguage":"en-US","potentialAction":[{"@type":"ReadAction","target":["https:\/\/agrimetre.com\/en\/iump-account-page\/"]}]},{"@type":"BreadcrumbList","@id":"https:\/\/agrimetre.com\/en\/iump-account-page\/#breadcrumb","itemListElement":[{"@type":"ListItem","position":1,"name":"Home","item":"https:\/\/agrimetre.com\/en\/"},{"@type":"ListItem","position":2,"name":"My Account"}]},{"@type":"WebSite","@id":"https:\/\/agrimetre.com\/en\/#website","url":"https:\/\/agrimetre.com\/en\/","name":"Agrimetre","description":"G\u0131da Tar\u0131m Verileri","publisher":{"@id":"https:\/\/agrimetre.com\/en\/#organization"},"potentialAction":[{"@type":"SearchAction","target":{"@type":"EntryPoint","urlTemplate":"https:\/\/agrimetre.com\/en\/?s={search_term_string}"},"query-input":{"@type":"PropertyValueSpecification","valueRequired":true,"valueName":"search_term_string"}}],"inLanguage":"en-US"},{"@type":"Organization","@id":"https:\/\/agrimetre.com\/en\/#organization","name":"Agrimetre Yaz\u0131l\u0131m ve Dan\u0131\u015fmanl\u0131k Ltd. \u015eti.","url":"https:\/\/agrimetre.com\/en\/","logo":{"@type":"ImageObject","inLanguage":"en-US","@id":"https:\/\/agrimetre.com\/en\/#\/schema\/logo\/image\/","url":"https:\/\/agrimetre.com\/wp-content\/uploads\/2019\/03\/agrimetre_logoweb.png","contentUrl":"https:\/\/agrimetre.com\/wp-content\/uploads\/2019\/03\/agrimetre_logoweb.png","width":320,"height":77,"caption":"Agrimetre Yaz\u0131l\u0131m ve Dan\u0131\u015fmanl\u0131k Ltd. \u015eti."},"image":{"@id":"https:\/\/agrimetre.com\/en\/#\/schema\/logo\/image\/"},"sameAs":["https:\/\/www.facebook.com\/agrimetre\/","https:\/\/x.com\/agrimetre","https:\/\/www.linkedin.com\/company\/agrimetre\/","https:\/\/www.youtube.com\/channel\/UC5FHNpcw7qcjDY_s6AibryA"]}]}},"_links":{"self":[{"href":"https:\/\/agrimetre.com\/en\/wp-json\/wp\/v2\/pages\/2791","targetHints":{"allow":["GET"]}}],"collection":[{"href":"https:\/\/agrimetre.com\/en\/wp-json\/wp\/v2\/pages"}],"about":[{"href":"https:\/\/agrimetre.com\/en\/wp-json\/wp\/v2\/types\/page"}],"author":[{"embeddable":true,"href":"https:\/\/agrimetre.com\/en\/wp-json\/wp\/v2\/users\/2"}],"replies":[{"embeddable":true,"href":"https:\/\/agrimetre.com\/en\/wp-json\/wp\/v2\/comments?post=2791"}],"version-history":[{"count":1,"href":"https:\/\/agrimetre.com\/en\/wp-json\/wp\/v2\/pages\/2791\/revisions"}],"predecessor-version":[{"id":3202,"href":"https:\/\/agrimetre.com\/en\/wp-json\/wp\/v2\/pages\/2791\/revisions\/3202"}],"wp:attachment":[{"href":"https:\/\/agrimetre.com\/en\/wp-json\/wp\/v2\/media?parent=2791"}],"curies":[{"name":"wp","href":"https:\/\/api.w.org\/{rel}","templated":true}]}}